{"id":713,"date":"2018-07-11T15:30:49","date_gmt":"2018-07-11T13:30:49","guid":{"rendered":"https:\/\/www.vracko.si\/accomodation\/accomodation-prices\/"},"modified":"2023-11-27T09:17:12","modified_gmt":"2023-11-27T08:17:12","slug":"accomodation-prices","status":"publish","type":"page","link":"https:\/\/www.vracko.si\/en\/inn\/accomodation\/accomodation-prices\/","title":{"rendered":"Accomodation prices"},"content":{"rendered":"\n<style type=\"text\/css\" data-created_by=\"avia_inline_auto\" id=\"style-css-av-lfa8h5r6-50a412fbc2d40cd5f219ae2b5a85c746\">\n.avia-section.av-lfa8h5r6-50a412fbc2d40cd5f219ae2b5a85c746 .av-parallax .av-parallax-inner{\nbackground-repeat:no-repeat;\nbackground-image:url(https:\/\/www.vracko.si\/wp-content\/uploads\/2023\/03\/M_LOZAR_VRACKO_2021_DSC_5119-H-scaled.jpg);\nbackground-position:50% 100%;\nbackground-attachment:scroll;\n}\n<\/style>\n<div id='av_section_1'  class='avia-section av-lfa8h5r6-50a412fbc2d40cd5f219ae2b5a85c746 main_color avia-section-default avia-no-border-styling  avia-builder-el-0  el_before_av_section  avia-builder-el-first  av-parallax-section avia-bg-style-parallax av-minimum-height av-minimum-height-custom av-height-custom  container_wrap sidebar_right'  data-section-bg-repeat='no-repeat' data-av_minimum_height_px='240'><div class='av-parallax' data-avia-parallax-ratio='0.3' ><div class='av-parallax-inner main_color avia-full-stretch'><\/div><\/div><div class='container av-section-cont-open' style='height:240px'><main  role=\"main\" itemprop=\"mainContentOfPage\"  class='template-page content  av-content-small alpha units'><div class='post-entry post-entry-type-page post-entry-713'><div class='entry-content-wrapper clearfix'>\n\n<style type=\"text\/css\" data-created_by=\"avia_inline_auto\" id=\"style-css-av-av_heading-a1096f8abff0283345f6456114aa9918\">\n#top .av-special-heading.av-av_heading-a1096f8abff0283345f6456114aa9918{\npadding-bottom:10px;\ncolor:#ffffff;\nfont-size:40px;\n}\nbody .av-special-heading.av-av_heading-a1096f8abff0283345f6456114aa9918 .av-special-heading-tag .heading-char{\nfont-size:25px;\n}\n#top #wrap_all .av-special-heading.av-av_heading-a1096f8abff0283345f6456114aa9918 .av-special-heading-tag{\nfont-size:40px;\n}\n.av-special-heading.av-av_heading-a1096f8abff0283345f6456114aa9918 .special-heading-inner-border{\nborder-color:#ffffff;\n}\n.av-special-heading.av-av_heading-a1096f8abff0283345f6456114aa9918 .av-subheading{\nfont-size:20px;\n}\n\n@media only screen and (min-width: 480px) and (max-width: 767px){ \n#top #wrap_all .av-special-heading.av-av_heading-a1096f8abff0283345f6456114aa9918 .av-special-heading-tag{\nfont-size:0.8em;\n}\n}\n\n@media only screen and (max-width: 479px){ \n#top #wrap_all .av-special-heading.av-av_heading-a1096f8abff0283345f6456114aa9918 .av-special-heading-tag{\nfont-size:0.8em;\n}\n}\n<\/style>\n<div  class='av-special-heading av-av_heading-a1096f8abff0283345f6456114aa9918 av-special-heading-h1 custom-color-heading blockquote modern-quote  avia-builder-el-1  avia-builder-el-no-sibling  av-thin-font av-inherit-size'><h1 class='av-special-heading-tag '  itemprop=\"headline\"  >ACCOMODATIONS <strong>PRICES<\/strong><\/h1><div class=\"special-heading-border\"><div class=\"special-heading-inner-border\"><\/div><\/div><\/div>\n\n<\/div><\/div><\/main><!-- close content main element --><\/div><\/div>\n<style type=\"text\/css\" data-created_by=\"avia_inline_auto\" id=\"style-css-av-av_section-979654981c9b3c5ae83c3229c4750824\">\n.avia-section.av-av_section-979654981c9b3c5ae83c3229c4750824 .av-section-color-overlay{\nopacity:0.1;\nbackground-image:url(https:\/\/www.vracko.si\/wp-content\/uploads\/2018\/05\/VR_NASTANITEV_M_LOZAR_VRACKO_WWW_DSC_4303-1500x1000.jpg);\nbackground-repeat:repeat;\n}\n<\/style>\n<div id='av_section_2'  class='avia-section av-av_section-979654981c9b3c5ae83c3229c4750824 main_color avia-section-huge avia-no-shadow  avia-builder-el-2  el_after_av_section  avia-builder-el-last  avia-bg-style-scroll av-section-color-overlay-active container_wrap sidebar_right'  ><div class=\"av-section-color-overlay-wrap\"><div class=\"av-section-color-overlay\"><\/div><div class='container av-section-cont-open' ><div class='template-page content  av-content-small alpha units'><div class='post-entry post-entry-type-page post-entry-713'><div class='entry-content-wrapper clearfix'>\n\n<style type=\"text\/css\" data-created_by=\"avia_inline_auto\" id=\"style-css-av-av_one_half-15d750bd1b332b34c6e70b077ebbccdf\">\n.flex_column.av-av_one_half-15d750bd1b332b34c6e70b077ebbccdf{\nborder-radius:0px 0px 0px 0px;\npadding:0px 0px 0px 0px;\n}\n<\/style>\n<div  class='flex_column av-av_one_half-15d750bd1b332b34c6e70b077ebbccdf av_one_half  avia-builder-el-3  el_before_av_one_half  avia-builder-el-first  first flex_column_div av-zero-column-padding  '     ><p>\n<style type=\"text\/css\" data-created_by=\"avia_inline_auto\" id=\"style-css-av-av_heading-9a1b91077a1d76d44bbb428aecf71ae5\">\n#top .av-special-heading.av-av_heading-9a1b91077a1d76d44bbb428aecf71ae5{\npadding-bottom:10px;\n}\nbody .av-special-heading.av-av_heading-9a1b91077a1d76d44bbb428aecf71ae5 .av-special-heading-tag .heading-char{\nfont-size:25px;\n}\n.av-special-heading.av-av_heading-9a1b91077a1d76d44bbb428aecf71ae5 .av-subheading{\nfont-size:15px;\n}\n<\/style>\n<div  class='av-special-heading av-av_heading-9a1b91077a1d76d44bbb428aecf71ae5 av-special-heading-h3 blockquote modern-quote  avia-builder-el-4  el_before_av_table  avia-builder-el-first  av-thin-font'><h3 class='av-special-heading-tag '  itemprop=\"headline\"  ><strong>BREAKFAST INCLUDED<\/strong> (per 2 persons)<\/h3><div class=\"special-heading-border\"><div class=\"special-heading-inner-border\"><\/div><\/div><\/div><br \/>\n<div class='avia-data-table-wrap av-av_table-0a0b8542e7efa1f13e396fc454464897 avia_responsive_table avia-table-1'><table  class='avia-table avia-data-table avia_pricing_minimal  avia-builder-el-5  el_after_av_heading  avia-builder-el-last '  itemscope=\"itemscope\" itemtype=\"https:\/\/schema.org\/Table\" ><tbody><tr class=''><td class='avia-highlight-col'>double room +<\/td><td class=''>110,00 EUR<\/td><\/tr><tr class=''><td class='avia-highlight-col'>superior room<\/td><td class=''>120,00 EUR<\/td><\/tr><tr class=''><td class='avia-highlight-col'>grand superior room \/ superior room with balcony<\/td><td class=''>130,00 EUR<\/td><\/tr><tr class=''><td class='avia-highlight-col'>suite with balcony<\/td><td class=''>150,00 EUR<\/td><\/tr><tr class=''><td class='avia-highlight-col'>double room + (single use)<\/td><td class=''>95,00 EUR<\/td><\/tr><tr class=''><td class='avia-highlight-col'>superior room (single use)<\/td><td class=''>105,00 EUR<\/td><\/tr><tr class=''><td class='avia-highlight-col'>grand superior room \/ superior room with balcony (single use)<\/td><td class=''>115,00 EUR<\/td><\/tr><tr class=''><td class='avia-highlight-col'>suite with balcony (single use) <\/td><td class=''>135,00 EUR<\/td><\/tr><tr class=''><td class='avia-highlight-col'>extra bed (over 16 years)<\/td><td class=''>30,00 EUR<\/td><\/tr><tr class=''><td class='avia-highlight-col'>extra bed (under 16 years)<\/td><td class=''>20,00 EUR<\/td><\/tr><\/tbody><\/table><\/div><\/p><\/div>\n<style type=\"text\/css\" data-created_by=\"avia_inline_auto\" id=\"style-css-av-av_one_half-c8fc129dc35fd1ae2a1e410224d39ea8\">\n.flex_column.av-av_one_half-c8fc129dc35fd1ae2a1e410224d39ea8{\nborder-radius:0px 0px 0px 0px;\npadding:0px 0px 0px 0px;\n}\n<\/style>\n<div  class='flex_column av-av_one_half-c8fc129dc35fd1ae2a1e410224d39ea8 av_one_half  avia-builder-el-6  el_after_av_one_half  el_before_av_one_full  flex_column_div av-zero-column-padding  '     ><p>\n<style type=\"text\/css\" data-created_by=\"avia_inline_auto\" id=\"style-css-av-av_heading-5689efe3fb759eed55f68014aa3647b7\">\n#top .av-special-heading.av-av_heading-5689efe3fb759eed55f68014aa3647b7{\npadding-bottom:10px;\n}\nbody .av-special-heading.av-av_heading-5689efe3fb759eed55f68014aa3647b7 .av-special-heading-tag .heading-char{\nfont-size:25px;\n}\n.av-special-heading.av-av_heading-5689efe3fb759eed55f68014aa3647b7 .av-subheading{\nfont-size:15px;\n}\n<\/style>\n<div  class='av-special-heading av-av_heading-5689efe3fb759eed55f68014aa3647b7 av-special-heading-h3 blockquote modern-quote  avia-builder-el-7  el_before_av_table  avia-builder-el-first  av-thin-font'><h3 class='av-special-heading-tag '  itemprop=\"headline\"  ><strong>children<\/strong><\/h3><div class=\"special-heading-border\"><div class=\"special-heading-inner-border\"><\/div><\/div><\/div><br \/>\n<div class='avia-data-table-wrap av-av_table-0a0b8542e7efa1f13e396fc454464897 avia_responsive_table avia-table-2'><table  class='avia-table avia-data-table avia_pricing_minimal  avia-builder-el-8  el_after_av_heading  avia-builder-el-last '  itemscope=\"itemscope\" itemtype=\"https:\/\/schema.org\/Table\" ><tbody><tr class=''><td class='avia-highlight-col'>in parents&#8217; bed<\/td><td class=''>free<\/td><\/tr><tr class=''><td class='avia-highlight-col'>in parents&#8217; room (extra bed)<\/td><td class=''>20,00 EUR<\/td><\/tr><tr class=''><td class='avia-highlight-col'>crib rental (single fee)<\/td><td class=''>15,00 EUR<\/td><\/tr><\/tbody><\/table><\/div><\/p><\/div>\n<style type=\"text\/css\" data-created_by=\"avia_inline_auto\" id=\"style-css-av-av_one_full-15d750bd1b332b34c6e70b077ebbccdf\">\n.flex_column.av-av_one_full-15d750bd1b332b34c6e70b077ebbccdf{\nborder-radius:0px 0px 0px 0px;\npadding:0px 0px 0px 0px;\n}\n<\/style>\n<div  class='flex_column av-av_one_full-15d750bd1b332b34c6e70b077ebbccdf av_one_full  avia-builder-el-9  el_after_av_one_half  el_before_av_three_fifth  first flex_column_div av-zero-column-padding  column-top-margin'     ><div  class='hr av-av_hr-0ff602b3e980a3377077ff3c1c834df6 hr-default  avia-builder-el-10  avia-builder-el-no-sibling '><span class='hr-inner '><span class=\"hr-inner-style\"><\/span><\/span><\/div><\/div>\n<style type=\"text\/css\" data-created_by=\"avia_inline_auto\" id=\"style-css-av-av_three_fifth-15d750bd1b332b34c6e70b077ebbccdf\">\n.flex_column.av-av_three_fifth-15d750bd1b332b34c6e70b077ebbccdf{\nborder-radius:0px 0px 0px 0px;\npadding:0px 0px 0px 0px;\n}\n<\/style>\n<div  class='flex_column av-av_three_fifth-15d750bd1b332b34c6e70b077ebbccdf av_three_fifth  avia-builder-el-11  el_after_av_one_full  el_before_av_two_fifth  first flex_column_div av-zero-column-padding  column-top-margin'     ><section  class='av_textblock_section av-lfa4c7r7-a6c38b38bf3f5118c53b658edb9cd015 '   itemscope=\"itemscope\" itemtype=\"https:\/\/schema.org\/CreativeWork\" ><div class='avia_textblock'  itemprop=\"text\" ><p><strong>No pets allowed.<\/strong><\/p>\n<p><strong>Check-in<\/strong><\/p>\n<p>&#8211; Tuesday &#8211; Saturday: 15.00 \u2013 20.00<br \/>\n&#8211; Sunday : 15.00. \u2013 19.00<br \/>\n&#8211; Late check-in (after 20.00) possible upon separate appointment only.<\/p>\n<p><strong>Check-out<\/strong><\/p>\n<p>&#8211; 8.00 &#8211; 11.00<\/p>\n<p><strong>Reservation Cancellation<\/strong><\/p>\n<p>&#8211; Cancellations made up to 7 days before arrival: free of charge.<br \/>\n&#8211; Cancellations made up to 1 days before arrival: 50% of the total price charged.<br \/>\n&#8211; No-show: full price charged.<\/p>\n<\/div><\/section><\/div>\n<style type=\"text\/css\" data-created_by=\"avia_inline_auto\" id=\"style-css-av-av_two_fifth-c8fc129dc35fd1ae2a1e410224d39ea8\">\n.flex_column.av-av_two_fifth-c8fc129dc35fd1ae2a1e410224d39ea8{\nborder-radius:0px 0px 0px 0px;\npadding:0px 0px 0px 0px;\n}\n<\/style>\n<div  class='flex_column av-av_two_fifth-c8fc129dc35fd1ae2a1e410224d39ea8 av_two_fifth  avia-builder-el-13  el_after_av_three_fifth  avia-builder-el-last  flex_column_div av-zero-column-padding  column-top-margin'     ><section  class='av_textblock_section av-k42ovwnp-52866da0737344760e04a4b7fe5531ae '   itemscope=\"itemscope\" itemtype=\"https:\/\/schema.org\/CreativeWork\" ><div class='avia_textblock'  itemprop=\"text\" ><p><strong>Gosti\u0161\u010de Vra\u010dko,<\/strong><br \/>\nInes Vra\u010dko Oblak, s.p.,<br \/>\nGru\u0161ena 1, 2201 Zg. Kungota,<br \/>\nID za DDV: SI51869543,<br \/>\nmati\u010dna \u0161tevilka: 8109460,<br \/>\nAJPES 316-04-04765-2017\/2<\/p>\n<\/div><\/section><\/div><\/div><\/div><\/div><!-- close content main div --><\/div><\/div><\/div><div id='after_section_2'  class='main_color av_default_container_wrap container_wrap sidebar_right'  ><div class='container av-section-cont-open' ><div class='template-page content  av-content-small alpha units'><div class='post-entry post-entry-type-page post-entry-713'><div class='entry-content-wrapper clearfix'>\n","protected":false},"excerpt":{"rendered":"","protected":false},"author":1,"featured_media":0,"parent":709,"menu_order":0,"comment_status":"closed","ping_status":"closed","template":"","meta":{"_acf_changed":false,"footnotes":""},"class_list":["post-713","page","type-page","status-publish","hentry"],"acf":[],"yoast_head":"<!-- This site is optimized with the Yoast SEO plugin v26.9 - https:\/\/yoast.com\/product\/yoast-seo-wordpress\/ -->\n<title>Accomodation prices - Vra\u010dko<\/title>\n<meta name=\"robots\" content=\"index, follow, max-snippet:-1, max-image-preview:large, max-video-preview:-1\" \/>\n<link rel=\"canonical\" href=\"https:\/\/www.vracko.si\/gostisce\/nastanitev\/cenik-nastanitev\/\" \/>\n<meta property=\"og:locale\" content=\"en_US\" \/>\n<meta property=\"og:type\" content=\"article\" \/>\n<meta property=\"og:title\" content=\"Accomodation prices - Vra\u010dko\" \/>\n<meta property=\"og:url\" content=\"https:\/\/www.vracko.si\/gostisce\/nastanitev\/cenik-nastanitev\/\" \/>\n<meta property=\"og:site_name\" content=\"Vra\u010dko\" \/>\n<meta property=\"article:modified_time\" content=\"2023-11-27T08:17:12+00:00\" \/>\n<meta name=\"twitter:card\" content=\"summary_large_image\" \/>\n<meta name=\"twitter:label1\" content=\"Est. reading time\" \/>\n\t<meta name=\"twitter:data1\" content=\"3 minutes\" \/>\n<script type=\"application\/ld+json\" class=\"yoast-schema-graph\">{\"@context\":\"https:\/\/schema.org\",\"@graph\":[{\"@type\":\"WebPage\",\"@id\":\"https:\/\/www.vracko.si\/gostisce\/nastanitev\/cenik-nastanitev\/\",\"url\":\"https:\/\/www.vracko.si\/gostisce\/nastanitev\/cenik-nastanitev\/\",\"name\":\"Accomodation prices - Vra\u010dko\",\"isPartOf\":{\"@id\":\"https:\/\/www.vracko.si\/#website\"},\"datePublished\":\"2018-07-11T13:30:49+00:00\",\"dateModified\":\"2023-11-27T08:17:12+00:00\",\"breadcrumb\":{\"@id\":\"https:\/\/www.vracko.si\/gostisce\/nastanitev\/cenik-nastanitev\/#breadcrumb\"},\"inLanguage\":\"en-US\",\"potentialAction\":[{\"@type\":\"ReadAction\",\"target\":[\"https:\/\/www.vracko.si\/gostisce\/nastanitev\/cenik-nastanitev\/\"]}]},{\"@type\":\"BreadcrumbList\",\"@id\":\"https:\/\/www.vracko.si\/gostisce\/nastanitev\/cenik-nastanitev\/#breadcrumb\",\"itemListElement\":[{\"@type\":\"ListItem\",\"position\":1,\"name\":\"Home\",\"item\":\"https:\/\/www.vracko.si\/gostisce-vracko\/\"},{\"@type\":\"ListItem\",\"position\":2,\"name\":\"Inn\",\"item\":\"https:\/\/www.vracko.si\/en\/inn\/\"},{\"@type\":\"ListItem\",\"position\":3,\"name\":\"Accomodation\",\"item\":\"https:\/\/www.vracko.si\/en\/inn\/accomodation\/\"},{\"@type\":\"ListItem\",\"position\":4,\"name\":\"Accomodation prices\"}]},{\"@type\":\"WebSite\",\"@id\":\"https:\/\/www.vracko.si\/#website\",\"url\":\"https:\/\/www.vracko.si\/\",\"name\":\"Vra\u010dko\",\"description\":\"\",\"potentialAction\":[{\"@type\":\"SearchAction\",\"target\":{\"@type\":\"EntryPoint\",\"urlTemplate\":\"https:\/\/www.vracko.si\/?s={search_term_string}\"},\"query-input\":{\"@type\":\"PropertyValueSpecification\",\"valueRequired\":true,\"valueName\":\"search_term_string\"}}],\"inLanguage\":\"en-US\"}]}<\/script>\n<!-- \/ Yoast SEO plugin. -->","yoast_head_json":{"title":"Accomodation prices - Vra\u010dko","robots":{"index":"index","follow":"follow","max-snippet":"max-snippet:-1","max-image-preview":"max-image-preview:large","max-video-preview":"max-video-preview:-1"},"canonical":"https:\/\/www.vracko.si\/gostisce\/nastanitev\/cenik-nastanitev\/","og_locale":"en_US","og_type":"article","og_title":"Accomodation prices - Vra\u010dko","og_url":"https:\/\/www.vracko.si\/gostisce\/nastanitev\/cenik-nastanitev\/","og_site_name":"Vra\u010dko","article_modified_time":"2023-11-27T08:17:12+00:00","twitter_card":"summary_large_image","twitter_misc":{"Est. reading time":"3 minutes"},"schema":{"@context":"https:\/\/schema.org","@graph":[{"@type":"WebPage","@id":"https:\/\/www.vracko.si\/gostisce\/nastanitev\/cenik-nastanitev\/","url":"https:\/\/www.vracko.si\/gostisce\/nastanitev\/cenik-nastanitev\/","name":"Accomodation prices - Vra\u010dko","isPartOf":{"@id":"https:\/\/www.vracko.si\/#website"},"datePublished":"2018-07-11T13:30:49+00:00","dateModified":"2023-11-27T08:17:12+00:00","breadcrumb":{"@id":"https:\/\/www.vracko.si\/gostisce\/nastanitev\/cenik-nastanitev\/#breadcrumb"},"inLanguage":"en-US","potentialAction":[{"@type":"ReadAction","target":["https:\/\/www.vracko.si\/gostisce\/nastanitev\/cenik-nastanitev\/"]}]},{"@type":"BreadcrumbList","@id":"https:\/\/www.vracko.si\/gostisce\/nastanitev\/cenik-nastanitev\/#breadcrumb","itemListElement":[{"@type":"ListItem","position":1,"name":"Home","item":"https:\/\/www.vracko.si\/gostisce-vracko\/"},{"@type":"ListItem","position":2,"name":"Inn","item":"https:\/\/www.vracko.si\/en\/inn\/"},{"@type":"ListItem","position":3,"name":"Accomodation","item":"https:\/\/www.vracko.si\/en\/inn\/accomodation\/"},{"@type":"ListItem","position":4,"name":"Accomodation prices"}]},{"@type":"WebSite","@id":"https:\/\/www.vracko.si\/#website","url":"https:\/\/www.vracko.si\/","name":"Vra\u010dko","description":"","potentialAction":[{"@type":"SearchAction","target":{"@type":"EntryPoint","urlTemplate":"https:\/\/www.vracko.si\/?s={search_term_string}"},"query-input":{"@type":"PropertyValueSpecification","valueRequired":true,"valueName":"search_term_string"}}],"inLanguage":"en-US"}]}},"_links":{"self":[{"href":"https:\/\/www.vracko.si\/en\/wp-json\/wp\/v2\/pages\/713","targetHints":{"allow":["GET"]}}],"collection":[{"href":"https:\/\/www.vracko.si\/en\/wp-json\/wp\/v2\/pages"}],"about":[{"href":"https:\/\/www.vracko.si\/en\/wp-json\/wp\/v2\/types\/page"}],"author":[{"embeddable":true,"href":"https:\/\/www.vracko.si\/en\/wp-json\/wp\/v2\/users\/1"}],"replies":[{"embeddable":true,"href":"https:\/\/www.vracko.si\/en\/wp-json\/wp\/v2\/comments?post=713"}],"version-history":[{"count":0,"href":"https:\/\/www.vracko.si\/en\/wp-json\/wp\/v2\/pages\/713\/revisions"}],"up":[{"embeddable":true,"href":"https:\/\/www.vracko.si\/en\/wp-json\/wp\/v2\/pages\/709"}],"wp:attachment":[{"href":"https:\/\/www.vracko.si\/en\/wp-json\/wp\/v2\/media?parent=713"}],"curies":[{"name":"wp","href":"https:\/\/api.w.org\/{rel}","templated":true}]}}