{"id":746,"date":"2018-07-11T15:48:35","date_gmt":"2018-07-11T13:48:35","guid":{"rendered":"https:\/\/www.vracko.si\/startseite\/"},"modified":"2026-01-13T17:43:16","modified_gmt":"2026-01-13T16:43:16","slug":"startseite","status":"publish","type":"page","link":"https:\/\/www.vracko.si\/de\/","title":{"rendered":"Startseite"},"content":{"rendered":"\n<style type=\"text\/css\" data-created_by=\"avia_inline_auto\" id=\"style-css-av-1qidzg-5e082532d827c056dc1108295c67184a\">\n.avia-section.av-1qidzg-5e082532d827c056dc1108295c67184a .av-parallax .av-parallax-inner{\nbackground-repeat:no-repeat;\nbackground-image:url(https:\/\/www.vracko.si\/wp-content\/uploads\/2026\/01\/vracko-naslovna.webp);\nbackground-position:50% 100%;\nbackground-attachment:scroll;\n}\n<\/style>\n<div id='home_screen'  class='avia-section av-1qidzg-5e082532d827c056dc1108295c67184a main_color avia-section-no-padding avia-no-border-styling  avia-builder-el-0  avia-builder-el-no-sibling  av-parallax-section avia-bg-style-parallax av-minimum-height av-minimum-height-100 av-height-100  container_wrap sidebar_right'  data-section-bg-repeat='no-repeat' data-av_minimum_height_pc='100' data-av_min_height_opt='100'><div class='av-parallax' data-avia-parallax-ratio='0.3' ><div class='av-parallax-inner main_color avia-full-stretch'><\/div><\/div><div class='container av-section-cont-open' ><main  role=\"main\" itemprop=\"mainContentOfPage\"  class='template-page content  av-content-small alpha units'><div class='post-entry post-entry-type-page post-entry-746'><div class='entry-content-wrapper clearfix'>\n\n\n<style type=\"text\/css\" data-created_by=\"avia_inline_auto\" id=\"style-css-av-1fse5g-d3aa94c1804316f0a0fe773416acb90b\">\n.flex_column.av-1fse5g-d3aa94c1804316f0a0fe773416acb90b{\nborder-radius:0px 0px 0px 0px;\npadding:0px 0px 0px 0px;\n}\n<\/style>\n<div  class='flex_column av-1fse5g-d3aa94c1804316f0a0fe773416acb90b av_one_fifth  avia-builder-el-2  el_after_av_codeblock  el_before_av_three_fifth  first flex_column_div av-hide-on-mobile av-zero-column-padding  '     ><p>\n<style type=\"text\/css\" data-created_by=\"avia_inline_auto\" id=\"style-css-av-16beos-906b1cea457b54fd1964bb467c83a642\">\n.avia-image-container.av-16beos-906b1cea457b54fd1964bb467c83a642 img.avia_image{\nbox-shadow:none;\n}\n.avia-image-container.av-16beos-906b1cea457b54fd1964bb467c83a642 .av-image-caption-overlay-center{\ncolor:#ffffff;\n}\n<\/style>\n<div  class='avia-image-container av-16beos-906b1cea457b54fd1964bb467c83a642 av-styling- av-img-linked avia-align-center  avia-builder-el-3  el_before_av_image  avia-builder-el-first '   itemprop=\"image\" itemscope=\"itemscope\" itemtype=\"https:\/\/schema.org\/ImageObject\" ><div class=\"avia-image-container-inner\"><div class=\"avia-image-overlay-wrap\"><a href=\"https:\/\/www.vracko.si\/gostisce\/aktualno\/\" class='avia_image '  aria-label='napis-gostisce'><img decoding=\"async\" fetchpriority=\"high\" class='wp-image-1429 avia-img-lazy-loading-not-1429 avia_image ' src=\"https:\/\/www.vracko.si\/wp-content\/uploads\/2018\/07\/napis-gostisce.png\" alt='Gosti\u0161\u010de Vra\u010dko.' title='napis-gostisce'  height=\"61\" width=\"333\"  itemprop=\"thumbnailUrl\" srcset=\"https:\/\/www.vracko.si\/wp-content\/uploads\/2018\/07\/napis-gostisce.png 333w, https:\/\/www.vracko.si\/wp-content\/uploads\/2018\/07\/napis-gostisce-300x55.png 300w\" sizes=\"(max-width: 333px) 100vw, 333px\" \/><\/a><\/div><\/div><\/div><br \/>\n\n<style type=\"text\/css\" data-created_by=\"avia_inline_auto\" id=\"style-css-av-11bdz8-b869ecc78350f818a140ffcd77e9978d\">\n.avia-image-container.av-11bdz8-b869ecc78350f818a140ffcd77e9978d img.avia_image{\nbox-shadow:none;\n}\n.avia-image-container.av-11bdz8-b869ecc78350f818a140ffcd77e9978d .av-image-caption-overlay-center{\ncolor:#ffffff;\n}\n<\/style>\n<div  class='avia-image-container av-11bdz8-b869ecc78350f818a140ffcd77e9978d av-styling- av-img-linked avia-align-center  avia-builder-el-4  el_after_av_image  avia-builder-el-last '   itemprop=\"image\" itemscope=\"itemscope\" itemtype=\"https:\/\/schema.org\/ImageObject\" ><div class=\"avia-image-container-inner\"><div class=\"avia-image-overlay-wrap\"><a href=\"https:\/\/www.vracko.si\/gostisce\/aktualno\/\" class='avia_image '  aria-label='simbol-gostisce-123x300'><img decoding=\"async\" fetchpriority=\"high\" class='wp-image-6890 avia-img-lazy-loading-not-6890 avia_image ' src=\"https:\/\/www.vracko.si\/wp-content\/uploads\/2026\/01\/simbol-gostisce-123x300-1.webp\" alt='Vra\u010dko gosti\u0161\u010de' title='simbol-gostisce-123x300'  height=\"300\" width=\"123\"  itemprop=\"thumbnailUrl\"  \/><\/a><\/div><\/div><\/div><\/p><\/div>\n<style type=\"text\/css\" data-created_by=\"avia_inline_auto\" id=\"style-css-av-zgkvw-beaa49fdbe7ed1290efd534946132331\">\n.flex_column.av-zgkvw-beaa49fdbe7ed1290efd534946132331{\nborder-radius:0px 0px 0px 0px;\npadding:0px 0px 0px 0px;\n}\n<\/style>\n<div  class='flex_column av-zgkvw-beaa49fdbe7ed1290efd534946132331 av_three_fifth  avia-builder-el-5  el_after_av_one_fifth  el_before_av_one_fifth  flex_column_div av-zero-column-padding  '     ><style type=\"text\/css\" data-created_by=\"avia_inline_auto\" id=\"style-css-av-qwtes-d0e320c43a135f62563f8596335d0067\">\n.avia-image-container.av-qwtes-d0e320c43a135f62563f8596335d0067 img.avia_image{\nbox-shadow:none;\n}\n.avia-image-container.av-qwtes-d0e320c43a135f62563f8596335d0067 .av-image-caption-overlay-center{\ncolor:#ffffff;\n}\n<\/style>\n<div  class='avia-image-container av-qwtes-d0e320c43a135f62563f8596335d0067 av-styling- av-img-linked avia-align-center  avia-builder-el-6  avia-builder-el-no-sibling '   itemprop=\"image\" itemscope=\"itemscope\" itemtype=\"https:\/\/schema.org\/ImageObject\" ><div class=\"avia-image-container-inner\"><div class=\"avia-image-overlay-wrap\"><a href=\"https:\/\/www.vracko.si\/gostisce\/aktualno\/\" class='avia_image '  aria-label='Vra\u010dko logo'><img decoding=\"async\" fetchpriority=\"high\" class='wp-image-6891 avia-img-lazy-loading-not-6891 avia_image ' src=\"https:\/\/www.vracko.si\/wp-content\/uploads\/2026\/01\/vracko-logo-1908-300.webp\" alt='Vra\u010dko logo' title='Vra\u010dko logo'  height=\"274\" width=\"300\"  itemprop=\"thumbnailUrl\"  \/><\/a><\/div><\/div><\/div><\/div>\n<style type=\"text\/css\" data-created_by=\"avia_inline_auto\" id=\"style-css-av-jzi3o-67f9e171f359303d7e856d6f60c156f0\">\n.flex_column.av-jzi3o-67f9e171f359303d7e856d6f60c156f0{\nborder-radius:0px 0px 0px 0px;\npadding:0px 0px 0px 0px;\n}\n<\/style>\n<div  class='flex_column av-jzi3o-67f9e171f359303d7e856d6f60c156f0 av_one_fifth  avia-builder-el-7  el_after_av_three_fifth  avia-builder-el-last  flex_column_div av-hide-on-mobile av-zero-column-padding avia-link-column av-column-link  '    data-link-column-url=\"https:\/\/vinovracko.si\"   ><a class=\"av-screen-reader-only\" href=https:\/\/vinovracko.si >Folge einem manuell hinzugef\u00fcgten Link<\/a><p>\n<style type=\"text\/css\" data-created_by=\"avia_inline_auto\" id=\"style-css-av-gyiho-43fc978ad99dce2ddbde3f13c36df595\">\n.avia-image-container.av-gyiho-43fc978ad99dce2ddbde3f13c36df595 img.avia_image{\nbox-shadow:none;\n}\n.avia-image-container.av-gyiho-43fc978ad99dce2ddbde3f13c36df595 .av-image-caption-overlay-center{\ncolor:#ffffff;\n}\n<\/style>\n<div  class='avia-image-container av-gyiho-43fc978ad99dce2ddbde3f13c36df595 av-styling- av-img-linked avia-align-center  avia-builder-el-8  el_before_av_image  avia-builder-el-first '   itemprop=\"image\" itemscope=\"itemscope\" itemtype=\"https:\/\/schema.org\/ImageObject\" ><div class=\"avia-image-container-inner\"><div class=\"avia-image-overlay-wrap\"><a href=\"https:\/\/vinovracko.si\" class='avia_image '  aria-label='napis-vino'><img decoding=\"async\" fetchpriority=\"high\" class='wp-image-1468 avia-img-lazy-loading-not-1468 avia_image ' src=\"https:\/\/www.vracko.si\/wp-content\/uploads\/2018\/07\/napis-vino-1.png\" alt='Vino Vra\u010dko.' title='napis-vino'  height=\"61\" width=\"333\"  itemprop=\"thumbnailUrl\" srcset=\"https:\/\/www.vracko.si\/wp-content\/uploads\/2018\/07\/napis-vino-1.png 333w, https:\/\/www.vracko.si\/wp-content\/uploads\/2018\/07\/napis-vino-1-300x55.png 300w\" sizes=\"(max-width: 333px) 100vw, 333px\" \/><\/a><\/div><\/div><\/div><br \/>\n\n<style type=\"text\/css\" data-created_by=\"avia_inline_auto\" id=\"style-css-av-bowvg-47a4cd1aa92b8e7f3e1299ead83cd132\">\n.avia-image-container.av-bowvg-47a4cd1aa92b8e7f3e1299ead83cd132 img.avia_image{\nbox-shadow:none;\n}\n.avia-image-container.av-bowvg-47a4cd1aa92b8e7f3e1299ead83cd132 .av-image-caption-overlay-center{\ncolor:#ffffff;\n}\n<\/style>\n<div  class='avia-image-container av-bowvg-47a4cd1aa92b8e7f3e1299ead83cd132 av-styling- av-img-linked avia-align-center  avia-builder-el-9  el_after_av_image  avia-builder-el-last '   itemprop=\"image\" itemscope=\"itemscope\" itemtype=\"https:\/\/schema.org\/ImageObject\" ><div class=\"avia-image-container-inner\"><div class=\"avia-image-overlay-wrap\"><a href=\"https:\/\/vinovracko.si\" class='avia_image '  aria-label='Vra\u010dko vino'><img decoding=\"async\" fetchpriority=\"high\" class='wp-image-6892 avia-img-lazy-loading-not-6892 avia_image ' src=\"https:\/\/www.vracko.si\/wp-content\/uploads\/2026\/01\/simbol-vino.png\" alt='Vra\u010dko vino' title='Vra\u010dko vino'  height=\"298\" width=\"94\"  itemprop=\"thumbnailUrl\"  \/><\/a><\/div><\/div><\/div><\/p><\/div><\/div><\/div><\/main><!-- close content main element --><\/div><\/div><div id='after_section_1'  class='main_color av_default_container_wrap container_wrap sidebar_right'  ><div class='container av-section-cont-open' ><div class='template-page content  av-content-small alpha units'><div class='post-entry post-entry-type-page post-entry-746'><div class='entry-content-wrapper clearfix'>\n","protected":false},"excerpt":{"rendered":"","protected":false},"author":1,"featured_media":0,"parent":0,"menu_order":0,"comment_status":"closed","ping_status":"closed","template":"","meta":{"_acf_changed":false,"footnotes":""},"class_list":["post-746","page","type-page","status-publish","hentry"],"acf":[],"yoast_head":"<!-- This site is optimized with the Yoast SEO plugin v26.9 - https:\/\/yoast.com\/product\/yoast-seo-wordpress\/ -->\n<title>Startseite - Vra\u010dko<\/title>\n<meta name=\"robots\" content=\"index, follow, max-snippet:-1, max-image-preview:large, max-video-preview:-1\" \/>\n<link rel=\"canonical\" href=\"https:\/\/www.vracko.si\/gostisce-vracko\/\" \/>\n<meta property=\"og:locale\" content=\"de_DE\" \/>\n<meta property=\"og:type\" content=\"article\" \/>\n<meta property=\"og:title\" content=\"Startseite - Vra\u010dko\" \/>\n<meta property=\"og:url\" content=\"https:\/\/www.vracko.si\/gostisce-vracko\/\" \/>\n<meta property=\"og:site_name\" content=\"Vra\u010dko\" \/>\n<meta property=\"article:modified_time\" content=\"2026-01-13T16:43:16+00:00\" \/>\n<meta property=\"og:image\" content=\"https:\/\/www.vracko.si\/wp-content\/themes\/enfold-child\/images\/slo.png\" \/>\n<meta name=\"twitter:card\" content=\"summary_large_image\" \/>\n<meta name=\"twitter:label1\" content=\"Gesch\u00e4tzte Lesezeit\" \/>\n\t<meta name=\"twitter:data1\" content=\"1\u00a0Minute\" \/>\n<script type=\"application\/ld+json\" class=\"yoast-schema-graph\">{\"@context\":\"https:\/\/schema.org\",\"@graph\":[{\"@type\":\"WebPage\",\"@id\":\"https:\/\/www.vracko.si\/gostisce-vracko\/\",\"url\":\"https:\/\/www.vracko.si\/gostisce-vracko\/\",\"name\":\"Startseite - Vra\u010dko\",\"isPartOf\":{\"@id\":\"https:\/\/www.vracko.si\/#website\"},\"primaryImageOfPage\":{\"@id\":\"https:\/\/www.vracko.si\/gostisce-vracko\/#primaryimage\"},\"image\":{\"@id\":\"https:\/\/www.vracko.si\/gostisce-vracko\/#primaryimage\"},\"thumbnailUrl\":\"https:\/\/www.vracko.si\/wp-content\/themes\/enfold-child\/images\/slo.png\",\"datePublished\":\"2018-07-11T13:48:35+00:00\",\"dateModified\":\"2026-01-13T16:43:16+00:00\",\"breadcrumb\":{\"@id\":\"https:\/\/www.vracko.si\/gostisce-vracko\/#breadcrumb\"},\"inLanguage\":\"de\",\"potentialAction\":[{\"@type\":\"ReadAction\",\"target\":[\"https:\/\/www.vracko.si\/gostisce-vracko\/\"]}]},{\"@type\":\"ImageObject\",\"inLanguage\":\"de\",\"@id\":\"https:\/\/www.vracko.si\/gostisce-vracko\/#primaryimage\",\"url\":\"https:\/\/www.vracko.si\/wp-content\/themes\/enfold-child\/images\/slo.png\",\"contentUrl\":\"https:\/\/www.vracko.si\/wp-content\/themes\/enfold-child\/images\/slo.png\"},{\"@type\":\"BreadcrumbList\",\"@id\":\"https:\/\/www.vracko.si\/gostisce-vracko\/#breadcrumb\",\"itemListElement\":[{\"@type\":\"ListItem\",\"position\":1,\"name\":\"Home\",\"item\":\"https:\/\/www.vracko.si\/gostisce-vracko\/\"},{\"@type\":\"ListItem\",\"position\":2,\"name\":\"Startseite\"}]},{\"@type\":\"WebSite\",\"@id\":\"https:\/\/www.vracko.si\/#website\",\"url\":\"https:\/\/www.vracko.si\/\",\"name\":\"Vra\u010dko\",\"description\":\"\",\"potentialAction\":[{\"@type\":\"SearchAction\",\"target\":{\"@type\":\"EntryPoint\",\"urlTemplate\":\"https:\/\/www.vracko.si\/?s={search_term_string}\"},\"query-input\":{\"@type\":\"PropertyValueSpecification\",\"valueRequired\":true,\"valueName\":\"search_term_string\"}}],\"inLanguage\":\"de\"}]}<\/script>\n<!-- \/ Yoast SEO plugin. -->","yoast_head_json":{"title":"Startseite - Vra\u010dko","robots":{"index":"index","follow":"follow","max-snippet":"max-snippet:-1","max-image-preview":"max-image-preview:large","max-video-preview":"max-video-preview:-1"},"canonical":"https:\/\/www.vracko.si\/gostisce-vracko\/","og_locale":"de_DE","og_type":"article","og_title":"Startseite - Vra\u010dko","og_url":"https:\/\/www.vracko.si\/gostisce-vracko\/","og_site_name":"Vra\u010dko","article_modified_time":"2026-01-13T16:43:16+00:00","og_image":[{"url":"https:\/\/www.vracko.si\/wp-content\/themes\/enfold-child\/images\/slo.png","type":"","width":"","height":""}],"twitter_card":"summary_large_image","twitter_misc":{"Gesch\u00e4tzte Lesezeit":"1\u00a0Minute"},"schema":{"@context":"https:\/\/schema.org","@graph":[{"@type":"WebPage","@id":"https:\/\/www.vracko.si\/gostisce-vracko\/","url":"https:\/\/www.vracko.si\/gostisce-vracko\/","name":"Startseite - Vra\u010dko","isPartOf":{"@id":"https:\/\/www.vracko.si\/#website"},"primaryImageOfPage":{"@id":"https:\/\/www.vracko.si\/gostisce-vracko\/#primaryimage"},"image":{"@id":"https:\/\/www.vracko.si\/gostisce-vracko\/#primaryimage"},"thumbnailUrl":"https:\/\/www.vracko.si\/wp-content\/themes\/enfold-child\/images\/slo.png","datePublished":"2018-07-11T13:48:35+00:00","dateModified":"2026-01-13T16:43:16+00:00","breadcrumb":{"@id":"https:\/\/www.vracko.si\/gostisce-vracko\/#breadcrumb"},"inLanguage":"de","potentialAction":[{"@type":"ReadAction","target":["https:\/\/www.vracko.si\/gostisce-vracko\/"]}]},{"@type":"ImageObject","inLanguage":"de","@id":"https:\/\/www.vracko.si\/gostisce-vracko\/#primaryimage","url":"https:\/\/www.vracko.si\/wp-content\/themes\/enfold-child\/images\/slo.png","contentUrl":"https:\/\/www.vracko.si\/wp-content\/themes\/enfold-child\/images\/slo.png"},{"@type":"BreadcrumbList","@id":"https:\/\/www.vracko.si\/gostisce-vracko\/#breadcrumb","itemListElement":[{"@type":"ListItem","position":1,"name":"Home","item":"https:\/\/www.vracko.si\/gostisce-vracko\/"},{"@type":"ListItem","position":2,"name":"Startseite"}]},{"@type":"WebSite","@id":"https:\/\/www.vracko.si\/#website","url":"https:\/\/www.vracko.si\/","name":"Vra\u010dko","description":"","potentialAction":[{"@type":"SearchAction","target":{"@type":"EntryPoint","urlTemplate":"https:\/\/www.vracko.si\/?s={search_term_string}"},"query-input":{"@type":"PropertyValueSpecification","valueRequired":true,"valueName":"search_term_string"}}],"inLanguage":"de"}]}},"_links":{"self":[{"href":"https:\/\/www.vracko.si\/de\/wp-json\/wp\/v2\/pages\/746","targetHints":{"allow":["GET"]}}],"collection":[{"href":"https:\/\/www.vracko.si\/de\/wp-json\/wp\/v2\/pages"}],"about":[{"href":"https:\/\/www.vracko.si\/de\/wp-json\/wp\/v2\/types\/page"}],"author":[{"embeddable":true,"href":"https:\/\/www.vracko.si\/de\/wp-json\/wp\/v2\/users\/1"}],"replies":[{"embeddable":true,"href":"https:\/\/www.vracko.si\/de\/wp-json\/wp\/v2\/comments?post=746"}],"version-history":[{"count":5,"href":"https:\/\/www.vracko.si\/de\/wp-json\/wp\/v2\/pages\/746\/revisions"}],"predecessor-version":[{"id":6895,"href":"https:\/\/www.vracko.si\/de\/wp-json\/wp\/v2\/pages\/746\/revisions\/6895"}],"wp:attachment":[{"href":"https:\/\/www.vracko.si\/de\/wp-json\/wp\/v2\/media?parent=746"}],"curies":[{"name":"wp","href":"https:\/\/api.w.org\/{rel}","templated":true}]}}