{"id":738,"date":"2018-07-11T15:43:59","date_gmt":"2018-07-11T13:43:59","guid":{"rendered":"https:\/\/www.vracko.si\/anfahrt\/"},"modified":"2026-04-17T13:05:01","modified_gmt":"2026-04-17T11:05:01","slug":"anfahrt","status":"publish","type":"page","link":"https:\/\/www.vracko.si\/de\/gasthaus\/anfahrt\/","title":{"rendered":"Info"},"content":{"rendered":"\n<style type=\"text\/css\" data-created_by=\"avia_inline_auto\" id=\"style-css-av-lfa7rrkx-48d20bec8a00cd19c652f63195a00eb9\">\n.avia-section.av-lfa7rrkx-48d20bec8a00cd19c652f63195a00eb9 .av-parallax .av-parallax-inner{\nbackground-repeat:no-repeat;\nbackground-image:url(https:\/\/www.vracko.si\/wp-content\/uploads\/2025\/03\/M_LOZAR_VRACKO_2021_DSC_5100-HDR-scaled.jpg);\nbackground-position:50% 100%;\nbackground-attachment:scroll;\n}\n<\/style>\n<div id='veliki'  class='avia-section av-lfa7rrkx-48d20bec8a00cd19c652f63195a00eb9 main_color avia-section-default avia-no-border-styling  avia-builder-el-0  el_before_av_section  avia-builder-el-first  av-mini-hide av-parallax-section avia-bg-style-parallax av-minimum-height av-minimum-height-50 av-height-50  container_wrap sidebar_right'  data-section-bg-repeat='no-repeat' data-av_minimum_height_pc='50' data-av_min_height_opt='50'><div class='av-parallax' data-avia-parallax-ratio='0.3' ><div class='av-parallax-inner main_color avia-full-stretch'><\/div><\/div><div class='container av-section-cont-open' ><main  role=\"main\" itemprop=\"mainContentOfPage\"  class='template-page content  av-content-small alpha units'><div class='post-entry post-entry-type-page post-entry-738'><div class='entry-content-wrapper clearfix'>\n<\/div><\/div><\/main><!-- close content main element --><\/div><\/div>\n<style type=\"text\/css\" data-created_by=\"avia_inline_auto\" id=\"style-css-av-kqt9iun5-f7cea180df847779a2da95b10630d835\">\n.avia-section.av-kqt9iun5-f7cea180df847779a2da95b10630d835{\nbackground-repeat:no-repeat;\nbackground-image:url(https:\/\/www.vracko.si\/wp-content\/uploads\/2026\/01\/lozar-vracko-info-1500x1000.webp);\nbackground-position:50% 100%;\nbackground-attachment:fixed;\n}\n<\/style>\n<div id='mobile'  class='avia-section av-kqt9iun5-f7cea180df847779a2da95b10630d835 main_color avia-section-default avia-no-border-styling  avia-builder-el-1  el_after_av_section  el_before_av_section  av-desktop-hide av-medium-hide avia-bg-style-fixed av-minimum-height av-minimum-height-custom av-height-custom  container_wrap sidebar_right'  data-section-bg-repeat='no-repeat' data-av_minimum_height_px='210'><div class='container av-section-cont-open' style='height:210px'><div class='template-page content  av-content-small alpha units'><div class='post-entry post-entry-type-page post-entry-738'><div class='entry-content-wrapper clearfix'>\n<\/div><\/div><\/div><!-- close content main div --><\/div><\/div><div id='av_section_3'  class='avia-section av-av_section-2dcda1862a94bb522b437cf4f29dd74d main_color avia-section-default avia-no-shadow  avia-builder-el-2  el_after_av_section  el_before_av_section  avia-bg-style-scroll container_wrap sidebar_right'  ><div class='container av-section-cont-open' ><div class='template-page content  av-content-small alpha units'><div class='post-entry post-entry-type-page post-entry-738'><div class='entry-content-wrapper clearfix'>\n\n<style type=\"text\/css\" data-created_by=\"avia_inline_auto\" id=\"style-css-av-av_one_half-15d750bd1b332b34c6e70b077ebbccdf\">\n.flex_column.av-av_one_half-15d750bd1b332b34c6e70b077ebbccdf{\nborder-radius:0px 0px 0px 0px;\npadding:0px 0px 0px 0px;\n}\n<\/style>\n<div  class='flex_column av-av_one_half-15d750bd1b332b34c6e70b077ebbccdf av_one_half  avia-builder-el-3  el_before_av_one_half  avia-builder-el-first  first flex_column_div av-zero-column-padding  '     ><p>\n<style type=\"text\/css\" data-created_by=\"avia_inline_auto\" id=\"style-css-av-av_heading-21ec34a09110330244c42100a2c24b63\">\n#top .av-special-heading.av-av_heading-21ec34a09110330244c42100a2c24b63{\npadding-bottom:10px;\n}\nbody .av-special-heading.av-av_heading-21ec34a09110330244c42100a2c24b63 .av-special-heading-tag .heading-char{\nfont-size:25px;\n}\n.av-special-heading.av-av_heading-21ec34a09110330244c42100a2c24b63 .av-subheading{\nfont-size:15px;\n}\n<\/style>\n<div  class='av-special-heading av-av_heading-21ec34a09110330244c42100a2c24b63 av-special-heading-h3 blockquote modern-quote  avia-builder-el-4  el_before_av_textblock  avia-builder-el-first  av-thin-font'><h3 class='av-special-heading-tag '  itemprop=\"headline\"  ><strong>\u00d6FFNUNGSZEITEN<\/strong><\/h3><div class=\"special-heading-border\"><div class=\"special-heading-inner-border\"><\/div><\/div><\/div><br \/>\n<section  class='av_textblock_section av-k0y64q4k-3b4a241952c732b5a6bed4190e35e34e '   itemscope=\"itemscope\" itemtype=\"https:\/\/schema.org\/CreativeWork\" ><div class='avia_textblock'  itemprop=\"text\" ><p>DIENSTAG &#8211; DONNERSTAG: 10.00 &#8211; 21.00<\/p>\n<p>FREITAG &#8211; SAMSTAG: 10.00 &#8211; 21.00<\/p>\n<p>SONNTAG: 9.00 &#8211; 18.00<\/p>\n<p>MONTAG: Ruhetag<\/p>\n<\/div><\/section><\/p><\/div>\n<style type=\"text\/css\" data-created_by=\"avia_inline_auto\" id=\"style-css-av-av_one_half-c8fc129dc35fd1ae2a1e410224d39ea8\">\n.flex_column.av-av_one_half-c8fc129dc35fd1ae2a1e410224d39ea8{\nborder-radius:0px 0px 0px 0px;\npadding:0px 0px 0px 0px;\n}\n<\/style>\n<div  class='flex_column av-av_one_half-c8fc129dc35fd1ae2a1e410224d39ea8 av_one_half  avia-builder-el-6  el_after_av_one_half  el_before_av_one_half  flex_column_div av-zero-column-padding  '     ><style type=\"text\/css\" data-created_by=\"avia_inline_auto\" id=\"style-css-av-kquoaxqg-e5c0183e7fa68f60994e06dd26b67405\">\n.avia-image-container.av-kquoaxqg-e5c0183e7fa68f60994e06dd26b67405 img.avia_image{\nbox-shadow:none;\n}\n.avia-image-container.av-kquoaxqg-e5c0183e7fa68f60994e06dd26b67405 .av-image-caption-overlay-center{\ncolor:#ffffff;\n}\n<\/style>\n<div  class='avia-image-container av-kquoaxqg-e5c0183e7fa68f60994e06dd26b67405 av-styling- avia-align-center  avia-builder-el-7  avia-builder-el-no-sibling '   itemprop=\"image\" itemscope=\"itemscope\" itemtype=\"https:\/\/schema.org\/ImageObject\" ><div class=\"avia-image-container-inner\"><div class=\"avia-image-overlay-wrap\"><img decoding=\"async\" fetchpriority=\"high\" class='wp-image-3615 avia-img-lazy-loading-not-3615 avia_image ' src=\"https:\/\/www.vracko.si\/wp-content\/uploads\/2021\/07\/M_LOZAR_VRACKO_2021_DSC_5032-H-1-1210x423.jpg\" alt='' title='M_LOZAR_VRACKO_2021_DSC_5032-H'  height=\"423\" width=\"1210\"  itemprop=\"thumbnailUrl\"  \/><\/div><\/div><\/div><\/div>\n<style type=\"text\/css\" data-created_by=\"avia_inline_auto\" id=\"style-css-av-av_one_half-15d750bd1b332b34c6e70b077ebbccdf\">\n.flex_column.av-av_one_half-15d750bd1b332b34c6e70b077ebbccdf{\nborder-radius:0px 0px 0px 0px;\npadding:0px 0px 0px 0px;\n}\n<\/style>\n<div  class='flex_column av-av_one_half-15d750bd1b332b34c6e70b077ebbccdf av_one_half  avia-builder-el-8  el_after_av_one_half  el_before_av_one_half  first flex_column_div av-zero-column-padding  column-top-margin'     ><style type=\"text\/css\" data-created_by=\"avia_inline_auto\" id=\"style-css-av-av_image-ad18c60fec0b98999b5bc34b371df76f\">\n.avia-image-container.av-av_image-ad18c60fec0b98999b5bc34b371df76f img.avia_image{\nbox-shadow:none;\n}\n.avia-image-container.av-av_image-ad18c60fec0b98999b5bc34b371df76f .av-image-caption-overlay-center{\ncolor:#ffffff;\n}\n<\/style>\n<div  class='avia-image-container av-av_image-ad18c60fec0b98999b5bc34b371df76f av-styling- avia-align-center  avia-builder-el-9  avia-builder-el-no-sibling '   itemprop=\"image\" itemscope=\"itemscope\" itemtype=\"https:\/\/schema.org\/ImageObject\" ><div class=\"avia-image-container-inner\"><div class=\"avia-image-overlay-wrap\"><img decoding=\"async\" fetchpriority=\"high\" class='wp-image-1142 avia-img-lazy-loading-not-1142 avia_image ' src=\"https:\/\/www.vracko.si\/wp-content\/uploads\/2018\/06\/M_LOZAR_VRACKO_2017_DSC_0657-HDR2-WWW-845x321.jpg\" alt='vracko - vino - wein - wine - trta - rebe - vine - 5' title='vracko - vino - wein - wine - trta - rebe - vine - 5'  height=\"321\" width=\"845\"  itemprop=\"thumbnailUrl\"  \/><\/div><\/div><\/div><\/div>\n<style type=\"text\/css\" data-created_by=\"avia_inline_auto\" id=\"style-css-av-av_one_half-c8fc129dc35fd1ae2a1e410224d39ea8\">\n.flex_column.av-av_one_half-c8fc129dc35fd1ae2a1e410224d39ea8{\nborder-radius:0px 0px 0px 0px;\npadding:0px 0px 0px 0px;\n}\n<\/style>\n<div  class='flex_column av-av_one_half-c8fc129dc35fd1ae2a1e410224d39ea8 av_one_half  avia-builder-el-10  el_after_av_one_half  avia-builder-el-last  flex_column_div av-zero-column-padding  column-top-margin'     ><p>\n<style type=\"text\/css\" data-created_by=\"avia_inline_auto\" id=\"style-css-av-k0y641c9-c9c340cb86ec0afee3813a26b635974f\">\n#top .av-special-heading.av-k0y641c9-c9c340cb86ec0afee3813a26b635974f{\npadding-bottom:10px;\n}\nbody .av-special-heading.av-k0y641c9-c9c340cb86ec0afee3813a26b635974f .av-special-heading-tag .heading-char{\nfont-size:25px;\n}\n.av-special-heading.av-k0y641c9-c9c340cb86ec0afee3813a26b635974f .av-subheading{\nfont-size:15px;\n}\n<\/style>\n<div  class='av-special-heading av-k0y641c9-c9c340cb86ec0afee3813a26b635974f av-special-heading-h3 blockquote modern-quote  avia-builder-el-11  el_before_av_textblock  avia-builder-el-first  av-thin-font'><h3 class='av-special-heading-tag '  itemprop=\"headline\"  ><strong>SO FINDEN SIE UNS<\/strong><\/h3><div class=\"special-heading-border\"><div class=\"special-heading-inner-border\"><\/div><\/div><\/div><br \/>\n<section  class='av_textblock_section av-k0y65his-80930b3dcb53d66156f4253d68cda06a '   itemscope=\"itemscope\" itemtype=\"https:\/\/schema.org\/CreativeWork\" ><div class='avia_textblock'  itemprop=\"text\" ><p>Wir befinden uns im Dorfzentrum Jurij an der Hauptstra\u00dfe, nur 1 km von dem Grenz\u00fcbergang Jurij \/ Langegg.<\/p>\n<\/div><\/section><\/p><\/div><\/div><\/div><\/div><!-- close content main div --><\/div><\/div>\n<style type=\"text\/css\" data-created_by=\"avia_inline_auto\" id=\"style-css-av-av_section-dbb4dc6b869b5c70c89e3cd6c28f85d5\">\n.avia-section.av-av_section-dbb4dc6b869b5c70c89e3cd6c28f85d5 .av-section-color-overlay{\nopacity:0.1;\nbackground-image:url(https:\/\/www.vracko.si\/wp-content\/uploads\/2018\/05\/gostisce-vracko-kako-do-nas.jpg);\nbackground-repeat:repeat;\n}\n<\/style>\n<div id='av_section_4'  class='avia-section av-av_section-dbb4dc6b869b5c70c89e3cd6c28f85d5 main_color avia-section-default avia-no-border-styling  avia-builder-el-13  el_after_av_section  avia-builder-el-last  avia-bg-style-scroll av-section-color-overlay-active container_wrap sidebar_right'  ><div class=\"av-section-color-overlay-wrap\"><div class=\"av-section-color-overlay\"><\/div><div class='container av-section-cont-open' ><div class='template-page content  av-content-small alpha units'><div class='post-entry post-entry-type-page post-entry-738'><div class='entry-content-wrapper clearfix'>\n\n<style type=\"text\/css\" data-created_by=\"avia_inline_auto\" id=\"style-css-av-av_one_third-15d750bd1b332b34c6e70b077ebbccdf\">\n.flex_column.av-av_one_third-15d750bd1b332b34c6e70b077ebbccdf{\nborder-radius:0px 0px 0px 0px;\npadding:0px 0px 0px 0px;\n}\n<\/style>\n<div  class='flex_column av-av_one_third-15d750bd1b332b34c6e70b077ebbccdf av_one_third  avia-builder-el-14  el_before_av_one_third  avia-builder-el-first  first flex_column_div av-zero-column-padding  '     ><p>\n<style type=\"text\/css\" data-created_by=\"avia_inline_auto\" id=\"style-css-av-av_image-773921fcdbd8a8a270bc47f16b573d58\">\n.avia-image-container.av-av_image-773921fcdbd8a8a270bc47f16b573d58 img.avia_image{\nbox-shadow:none;\n}\n.avia-image-container.av-av_image-773921fcdbd8a8a270bc47f16b573d58 .av-image-caption-overlay-center{\ncolor:#ffffff;\n}\n<\/style>\n<div  class='avia-image-container av-av_image-773921fcdbd8a8a270bc47f16b573d58 av-styling- avia-align-center  avia-builder-el-15  el_before_av_heading  avia-builder-el-first '   itemprop=\"image\" itemscope=\"itemscope\" itemtype=\"https:\/\/schema.org\/ImageObject\" ><div class=\"avia-image-container-inner\"><div class=\"avia-image-overlay-wrap\"><img decoding=\"async\" fetchpriority=\"high\" class='wp-image-1373 avia-img-lazy-loading-not-1373 avia_image ' src=\"https:\/\/www.vracko.si\/wp-content\/uploads\/2018\/07\/smer-graz.png\" alt='' title='smer-graz'  height=\"80\" width=\"80\"  itemprop=\"thumbnailUrl\" srcset=\"https:\/\/www.vracko.si\/wp-content\/uploads\/2018\/07\/smer-graz.png 80w, https:\/\/www.vracko.si\/wp-content\/uploads\/2018\/07\/smer-graz-36x36.png 36w\" sizes=\"(max-width: 80px) 100vw, 80px\" \/><\/div><\/div><\/div><br \/>\n\n<style type=\"text\/css\" data-created_by=\"avia_inline_auto\" id=\"style-css-av-av_heading-787afc1259895de916faeeb0add58b4a\">\n#top .av-special-heading.av-av_heading-787afc1259895de916faeeb0add58b4a{\npadding-bottom:10px;\n}\nbody .av-special-heading.av-av_heading-787afc1259895de916faeeb0add58b4a .av-special-heading-tag .heading-char{\nfont-size:25px;\n}\n.av-special-heading.av-av_heading-787afc1259895de916faeeb0add58b4a .av-subheading{\nfont-size:15px;\n}\n<\/style>\n<div  class='av-special-heading av-av_heading-787afc1259895de916faeeb0add58b4a av-special-heading-h3 blockquote modern-quote  avia-builder-el-16  el_after_av_image  el_before_av_textblock  av-thin-font'><h3 class='av-special-heading-tag '  itemprop=\"headline\"  >AUS RICHTUNG <strong>GRAZ (A)<\/strong><\/h3><div class=\"special-heading-border\"><div class=\"special-heading-inner-border\"><\/div><\/div><\/div><br \/>\n<section  class='av_textblock_section av-av_textblock-2de302bf1aa3cf4c9157dbe6f50ac7eb '   itemscope=\"itemscope\" itemtype=\"https:\/\/schema.org\/CreativeWork\" ><div class='avia_textblock'  itemprop=\"text\" ><p>Fahren Sie die Autobahn A9 Richtung Slowenien, dann Ausfahrt Vogau w\u00e4hlen, Sie fahren durch Ehrenhausen \u2013 Gamlitz \u2013 Eckberg \u2013 Sulztal a.d.W. \u2013 Glanz a.d.W. \u2013 Langegg \u2013 Slowenien \u2013 Jurij.<\/p>\n<\/div><\/section><br \/>\n<\/p><\/div>\n<style type=\"text\/css\" data-created_by=\"avia_inline_auto\" id=\"style-css-av-av_one_third-c8fc129dc35fd1ae2a1e410224d39ea8\">\n.flex_column.av-av_one_third-c8fc129dc35fd1ae2a1e410224d39ea8{\nborder-radius:0px 0px 0px 0px;\npadding:0px 0px 0px 0px;\n}\n<\/style>\n<div  class='flex_column av-av_one_third-c8fc129dc35fd1ae2a1e410224d39ea8 av_one_third  avia-builder-el-19  el_after_av_one_third  el_before_av_one_third  flex_column_div av-zero-column-padding  '     ><p>\n<style type=\"text\/css\" data-created_by=\"avia_inline_auto\" id=\"style-css-av-av_image-a95978c9d4a264744246bb8302e717df\">\n.avia-image-container.av-av_image-a95978c9d4a264744246bb8302e717df img.avia_image{\nbox-shadow:none;\n}\n.avia-image-container.av-av_image-a95978c9d4a264744246bb8302e717df .av-image-caption-overlay-center{\ncolor:#ffffff;\n}\n<\/style>\n<div  class='avia-image-container av-av_image-a95978c9d4a264744246bb8302e717df av-styling- avia-align-center  avia-builder-el-20  el_before_av_heading  avia-builder-el-first '   itemprop=\"image\" itemscope=\"itemscope\" itemtype=\"https:\/\/schema.org\/ImageObject\" ><div class=\"avia-image-container-inner\"><div class=\"avia-image-overlay-wrap\"><img decoding=\"async\" fetchpriority=\"high\" class='wp-image-1375 avia-img-lazy-loading-not-1375 avia_image ' src=\"https:\/\/www.vracko.si\/wp-content\/uploads\/2018\/07\/smer-ljubljana.png\" alt='' title='smer-ljubljana'  height=\"80\" width=\"80\"  itemprop=\"thumbnailUrl\" srcset=\"https:\/\/www.vracko.si\/wp-content\/uploads\/2018\/07\/smer-ljubljana.png 80w, https:\/\/www.vracko.si\/wp-content\/uploads\/2018\/07\/smer-ljubljana-36x36.png 36w\" sizes=\"(max-width: 80px) 100vw, 80px\" \/><\/div><\/div><\/div><br \/>\n\n<style type=\"text\/css\" data-created_by=\"avia_inline_auto\" id=\"style-css-av-av_heading-4bac9d8b12d1ff57dee16ebd31b291f5\">\n#top .av-special-heading.av-av_heading-4bac9d8b12d1ff57dee16ebd31b291f5{\npadding-bottom:10px;\n}\nbody .av-special-heading.av-av_heading-4bac9d8b12d1ff57dee16ebd31b291f5 .av-special-heading-tag .heading-char{\nfont-size:25px;\n}\n.av-special-heading.av-av_heading-4bac9d8b12d1ff57dee16ebd31b291f5 .av-subheading{\nfont-size:15px;\n}\n<\/style>\n<div  class='av-special-heading av-av_heading-4bac9d8b12d1ff57dee16ebd31b291f5 av-special-heading-h3 blockquote modern-quote  avia-builder-el-21  el_after_av_image  el_before_av_textblock  av-thin-font'><h3 class='av-special-heading-tag '  itemprop=\"headline\"  >AUS RICHTUNG <strong>LJUBLJANA (SLO)<\/strong><\/h3><div class=\"special-heading-border\"><div class=\"special-heading-inner-border\"><\/div><\/div><\/div><br \/>\n<section  class='av_textblock_section av-av_textblock-2de302bf1aa3cf4c9157dbe6f50ac7eb '   itemscope=\"itemscope\" itemtype=\"https:\/\/schema.org\/CreativeWork\" ><div class='avia_textblock'  itemprop=\"text\" ><p>Fahren Sie die Autobahn A1 Richtung \u00d6sterreich, dann Ausfahrt Maribor sever nehmen. In den Kreisverkehr die vierte Ausfahrt nehmen. Nach 200 m die Ausfahrt Zg. Kungota w\u00e4hlen. Dann der Beschilderung Jurij folgen.<\/p>\n<\/div><\/section><br \/>\n<\/p><\/div>\n<style type=\"text\/css\" data-created_by=\"avia_inline_auto\" id=\"style-css-av-av_one_third-c8fc129dc35fd1ae2a1e410224d39ea8\">\n.flex_column.av-av_one_third-c8fc129dc35fd1ae2a1e410224d39ea8{\nborder-radius:0px 0px 0px 0px;\npadding:0px 0px 0px 0px;\n}\n<\/style>\n<div  class='flex_column av-av_one_third-c8fc129dc35fd1ae2a1e410224d39ea8 av_one_third  avia-builder-el-24  el_after_av_one_third  avia-builder-el-last  flex_column_div av-zero-column-padding  '     ><p>\n<style type=\"text\/css\" data-created_by=\"avia_inline_auto\" id=\"style-css-av-av_image-25dc257e31cdb7b0f201b3d9c35fe790\">\n.avia-image-container.av-av_image-25dc257e31cdb7b0f201b3d9c35fe790 img.avia_image{\nbox-shadow:none;\n}\n.avia-image-container.av-av_image-25dc257e31cdb7b0f201b3d9c35fe790 .av-image-caption-overlay-center{\ncolor:#ffffff;\n}\n<\/style>\n<div  class='avia-image-container av-av_image-25dc257e31cdb7b0f201b3d9c35fe790 av-styling- avia-align-center  avia-builder-el-25  el_before_av_heading  avia-builder-el-first '   itemprop=\"image\" itemscope=\"itemscope\" itemtype=\"https:\/\/schema.org\/ImageObject\" ><div class=\"avia-image-container-inner\"><div class=\"avia-image-overlay-wrap\"><img decoding=\"async\" fetchpriority=\"high\" class='wp-image-1377 avia-img-lazy-loading-not-1377 avia_image ' src=\"https:\/\/www.vracko.si\/wp-content\/uploads\/2018\/07\/smer-zagreb.png\" alt='' title='smer-zagreb'  height=\"80\" width=\"33\"  itemprop=\"thumbnailUrl\"  \/><\/div><\/div><\/div><br \/>\n\n<style type=\"text\/css\" data-created_by=\"avia_inline_auto\" id=\"style-css-av-av_heading-f593b9a3e57cfde9838a1027cb2b8ecd\">\n#top .av-special-heading.av-av_heading-f593b9a3e57cfde9838a1027cb2b8ecd{\npadding-bottom:10px;\n}\nbody .av-special-heading.av-av_heading-f593b9a3e57cfde9838a1027cb2b8ecd .av-special-heading-tag .heading-char{\nfont-size:25px;\n}\n.av-special-heading.av-av_heading-f593b9a3e57cfde9838a1027cb2b8ecd .av-subheading{\nfont-size:15px;\n}\n<\/style>\n<div  class='av-special-heading av-av_heading-f593b9a3e57cfde9838a1027cb2b8ecd av-special-heading-h3 blockquote modern-quote  avia-builder-el-26  el_after_av_image  el_before_av_textblock  av-thin-font'><h3 class='av-special-heading-tag '  itemprop=\"headline\"  >AUS RICHTUNG <strong>ZAGREB (HR)<\/strong><\/h3><div class=\"special-heading-border\"><div class=\"special-heading-inner-border\"><\/div><\/div><\/div><br \/>\n<section  class='av_textblock_section av-av_textblock-2de302bf1aa3cf4c9157dbe6f50ac7eb '   itemscope=\"itemscope\" itemtype=\"https:\/\/schema.org\/CreativeWork\" ><div class='avia_textblock'  itemprop=\"text\" ><p>Fahren Sie auf der Autobahn A4 und danach A1 Richtung \u00d6sterreich, dann die Ausfahrt Maribor sever w\u00e4hlen. In den Kreisverkehr die vierte Ausfahrt nehmen. Nach 200 m die Ausfahrt Zg. Kungota w\u00e4hlen. Dann der Beschilderung Jurij folgen.<\/p>\n<\/div><\/section><br \/>\n<\/p><\/div>\n<\/div><\/div><\/div><!-- close content main div --><\/div><\/div><\/div><div id='after_section_4'  class='main_color av_default_container_wrap container_wrap sidebar_right'  ><div class='container av-section-cont-open' ><div class='template-page content  av-content-small alpha units'><div class='post-entry post-entry-type-page post-entry-738'><div class='entry-content-wrapper clearfix'><\/p>\n","protected":false},"excerpt":{"rendered":"","protected":false},"author":1,"featured_media":0,"parent":749,"menu_order":0,"comment_status":"closed","ping_status":"closed","template":"","meta":{"_acf_changed":false,"footnotes":""},"class_list":["post-738","page","type-page","status-publish","hentry"],"acf":[],"yoast_head":"<!-- This site is optimized with the Yoast SEO plugin v26.9 - https:\/\/yoast.com\/product\/yoast-seo-wordpress\/ -->\n<title>Info - Vra\u010dko<\/title>\n<meta name=\"robots\" content=\"index, follow, max-snippet:-1, max-image-preview:large, max-video-preview:-1\" \/>\n<link rel=\"canonical\" href=\"https:\/\/www.vracko.si\/de\/gasthaus\/anfahrt\/\" \/>\n<meta property=\"og:locale\" content=\"de_DE\" \/>\n<meta property=\"og:type\" content=\"article\" \/>\n<meta property=\"og:title\" content=\"Info - Vra\u010dko\" \/>\n<meta property=\"og:url\" content=\"https:\/\/www.vracko.si\/de\/gasthaus\/anfahrt\/\" \/>\n<meta property=\"og:site_name\" content=\"Vra\u010dko\" \/>\n<meta property=\"article:modified_time\" content=\"2026-04-17T11:05:01+00:00\" \/>\n<meta name=\"twitter:card\" content=\"summary_large_image\" \/>\n<meta name=\"twitter:label1\" content=\"Gesch\u00e4tzte Lesezeit\" \/>\n\t<meta name=\"twitter:data1\" content=\"2\u00a0Minuten\" \/>\n<script type=\"application\/ld+json\" class=\"yoast-schema-graph\">{\"@context\":\"https:\/\/schema.org\",\"@graph\":[{\"@type\":\"WebPage\",\"@id\":\"https:\/\/www.vracko.si\/de\/gasthaus\/anfahrt\/\",\"url\":\"https:\/\/www.vracko.si\/de\/gasthaus\/anfahrt\/\",\"name\":\"Info - Vra\u010dko\",\"isPartOf\":{\"@id\":\"https:\/\/www.vracko.si\/#website\"},\"datePublished\":\"2018-07-11T13:43:59+00:00\",\"dateModified\":\"2026-04-17T11:05:01+00:00\",\"breadcrumb\":{\"@id\":\"https:\/\/www.vracko.si\/de\/gasthaus\/anfahrt\/#breadcrumb\"},\"inLanguage\":\"de\",\"potentialAction\":[{\"@type\":\"ReadAction\",\"target\":[\"https:\/\/www.vracko.si\/de\/gasthaus\/anfahrt\/\"]}]},{\"@type\":\"BreadcrumbList\",\"@id\":\"https:\/\/www.vracko.si\/de\/gasthaus\/anfahrt\/#breadcrumb\",\"itemListElement\":[{\"@type\":\"ListItem\",\"position\":1,\"name\":\"Home\",\"item\":\"https:\/\/www.vracko.si\/gostisce-vracko\/\"},{\"@type\":\"ListItem\",\"position\":2,\"name\":\"Gasthaus\",\"item\":\"https:\/\/www.vracko.si\/de\/gasthaus\/\"},{\"@type\":\"ListItem\",\"position\":3,\"name\":\"Info\"}]},{\"@type\":\"WebSite\",\"@id\":\"https:\/\/www.vracko.si\/#website\",\"url\":\"https:\/\/www.vracko.si\/\",\"name\":\"Vra\u010dko\",\"description\":\"\",\"potentialAction\":[{\"@type\":\"SearchAction\",\"target\":{\"@type\":\"EntryPoint\",\"urlTemplate\":\"https:\/\/www.vracko.si\/?s={search_term_string}\"},\"query-input\":{\"@type\":\"PropertyValueSpecification\",\"valueRequired\":true,\"valueName\":\"search_term_string\"}}],\"inLanguage\":\"de\"}]}<\/script>\n<!-- \/ Yoast SEO plugin. -->","yoast_head_json":{"title":"Info - Vra\u010dko","robots":{"index":"index","follow":"follow","max-snippet":"max-snippet:-1","max-image-preview":"max-image-preview:large","max-video-preview":"max-video-preview:-1"},"canonical":"https:\/\/www.vracko.si\/de\/gasthaus\/anfahrt\/","og_locale":"de_DE","og_type":"article","og_title":"Info - Vra\u010dko","og_url":"https:\/\/www.vracko.si\/de\/gasthaus\/anfahrt\/","og_site_name":"Vra\u010dko","article_modified_time":"2026-04-17T11:05:01+00:00","twitter_card":"summary_large_image","twitter_misc":{"Gesch\u00e4tzte Lesezeit":"2\u00a0Minuten"},"schema":{"@context":"https:\/\/schema.org","@graph":[{"@type":"WebPage","@id":"https:\/\/www.vracko.si\/de\/gasthaus\/anfahrt\/","url":"https:\/\/www.vracko.si\/de\/gasthaus\/anfahrt\/","name":"Info - Vra\u010dko","isPartOf":{"@id":"https:\/\/www.vracko.si\/#website"},"datePublished":"2018-07-11T13:43:59+00:00","dateModified":"2026-04-17T11:05:01+00:00","breadcrumb":{"@id":"https:\/\/www.vracko.si\/de\/gasthaus\/anfahrt\/#breadcrumb"},"inLanguage":"de","potentialAction":[{"@type":"ReadAction","target":["https:\/\/www.vracko.si\/de\/gasthaus\/anfahrt\/"]}]},{"@type":"BreadcrumbList","@id":"https:\/\/www.vracko.si\/de\/gasthaus\/anfahrt\/#breadcrumb","itemListElement":[{"@type":"ListItem","position":1,"name":"Home","item":"https:\/\/www.vracko.si\/gostisce-vracko\/"},{"@type":"ListItem","position":2,"name":"Gasthaus","item":"https:\/\/www.vracko.si\/de\/gasthaus\/"},{"@type":"ListItem","position":3,"name":"Info"}]},{"@type":"WebSite","@id":"https:\/\/www.vracko.si\/#website","url":"https:\/\/www.vracko.si\/","name":"Vra\u010dko","description":"","potentialAction":[{"@type":"SearchAction","target":{"@type":"EntryPoint","urlTemplate":"https:\/\/www.vracko.si\/?s={search_term_string}"},"query-input":{"@type":"PropertyValueSpecification","valueRequired":true,"valueName":"search_term_string"}}],"inLanguage":"de"}]}},"_links":{"self":[{"href":"https:\/\/www.vracko.si\/de\/wp-json\/wp\/v2\/pages\/738","targetHints":{"allow":["GET"]}}],"collection":[{"href":"https:\/\/www.vracko.si\/de\/wp-json\/wp\/v2\/pages"}],"about":[{"href":"https:\/\/www.vracko.si\/de\/wp-json\/wp\/v2\/types\/page"}],"author":[{"embeddable":true,"href":"https:\/\/www.vracko.si\/de\/wp-json\/wp\/v2\/users\/1"}],"replies":[{"embeddable":true,"href":"https:\/\/www.vracko.si\/de\/wp-json\/wp\/v2\/comments?post=738"}],"version-history":[{"count":6,"href":"https:\/\/www.vracko.si\/de\/wp-json\/wp\/v2\/pages\/738\/revisions"}],"predecessor-version":[{"id":7130,"href":"https:\/\/www.vracko.si\/de\/wp-json\/wp\/v2\/pages\/738\/revisions\/7130"}],"up":[{"embeddable":true,"href":"https:\/\/www.vracko.si\/de\/wp-json\/wp\/v2\/pages\/749"}],"wp:attachment":[{"href":"https:\/\/www.vracko.si\/de\/wp-json\/wp\/v2\/media?parent=738"}],"curies":[{"name":"wp","href":"https:\/\/api.w.org\/{rel}","templated":true}]}}