{"id":736,"date":"2018-07-11T15:42:23","date_gmt":"2018-07-11T13:42:23","guid":{"rendered":"https:\/\/www.vracko.si\/zimmer\/"},"modified":"2026-01-17T15:27:00","modified_gmt":"2026-01-17T14:27:00","slug":"zimmer","status":"publish","type":"page","link":"https:\/\/www.vracko.si\/de\/gasthaus\/zimmer\/","title":{"rendered":"Zimmer"},"content":{"rendered":"\n<style type=\"text\/css\" data-created_by=\"avia_inline_auto\" id=\"style-css-av-lfa6pi83-ced739178897a25aef5eef6afca2f474\">\n.avia-section.av-lfa6pi83-ced739178897a25aef5eef6afca2f474 .av-parallax .av-parallax-inner{\nbackground-repeat:no-repeat;\nbackground-image:url(https:\/\/www.vracko.si\/wp-content\/uploads\/2019\/09\/MLOZAR_G_VRACKO_SOBA_2019_DSC_0847_02.jpg);\nbackground-position:50% 100%;\nbackground-attachment:scroll;\n}\n<\/style>\n<div id='veliki'  class='avia-section av-lfa6pi83-ced739178897a25aef5eef6afca2f474 main_color avia-section-default avia-no-border-styling  avia-builder-el-0  el_before_av_section  avia-builder-el-first  av-mini-hide av-parallax-section avia-bg-style-parallax av-minimum-height av-minimum-height-50 av-height-50  container_wrap sidebar_right'  data-section-bg-repeat='no-repeat' data-av_minimum_height_pc='50' data-av_min_height_opt='50'><div class='av-parallax' data-avia-parallax-ratio='0.3' ><div class='av-parallax-inner main_color avia-full-stretch'><\/div><\/div><div class='container av-section-cont-open' ><main  role=\"main\" itemprop=\"mainContentOfPage\"  class='template-page content  av-content-small alpha units'><div class='post-entry post-entry-type-page post-entry-736'><div class='entry-content-wrapper clearfix'>\n<\/div><\/div><\/main><!-- close content main element --><\/div><\/div>\n<style type=\"text\/css\" data-created_by=\"avia_inline_auto\" id=\"style-css-av-kqt9y2ic-7378f400e5fac6a9ced16c0124ca3344\">\n.avia-section.av-kqt9y2ic-7378f400e5fac6a9ced16c0124ca3344{\nbackground-repeat:no-repeat;\nbackground-image:url(https:\/\/www.vracko.si\/wp-content\/uploads\/2026\/01\/vracko-sobe-1-1500x1000.webp);\nbackground-position:50% 50%;\nbackground-attachment:fixed;\n}\n<\/style>\n<div id='mobile'  class='avia-section av-kqt9y2ic-7378f400e5fac6a9ced16c0124ca3344 main_color avia-section-default avia-no-border-styling  avia-builder-el-1  el_after_av_section  el_before_av_section  av-desktop-hide av-medium-hide av-small-hide avia-bg-style-fixed av-minimum-height av-minimum-height-custom av-height-custom  container_wrap sidebar_right'  data-section-bg-repeat='no-repeat' data-av_minimum_height_px='210'><div class='container av-section-cont-open' style='height:210px'><div class='template-page content  av-content-small alpha units'><div class='post-entry post-entry-type-page post-entry-736'><div class='entry-content-wrapper clearfix'>\n<\/div><\/div><\/div><!-- close content main div --><\/div><\/div><div id='av_section_3'  class='avia-section av-av_section-f3892e610ee9633c68397830e8f2c661 main_color avia-section-default avia-no-border-styling  avia-builder-el-2  el_after_av_section  el_before_av_one_full  avia-bg-style-scroll container_wrap sidebar_right'  ><div class='container av-section-cont-open' ><div class='template-page content  av-content-small alpha units'><div class='post-entry post-entry-type-page post-entry-736'><div class='entry-content-wrapper clearfix'>\n\n<style type=\"text\/css\" data-created_by=\"avia_inline_auto\" id=\"style-css-av-av_one_half-15d750bd1b332b34c6e70b077ebbccdf\">\n.flex_column.av-av_one_half-15d750bd1b332b34c6e70b077ebbccdf{\nborder-radius:0px 0px 0px 0px;\npadding:0px 0px 0px 0px;\n}\n<\/style>\n<div  class='flex_column av-av_one_half-15d750bd1b332b34c6e70b077ebbccdf av_one_half  avia-builder-el-3  el_before_av_one_half  avia-builder-el-first  first flex_column_div av-zero-column-padding  '     ><p>\n<style type=\"text\/css\" data-created_by=\"avia_inline_auto\" id=\"style-css-av-av_heading-b1ba3a9cfb50ec9772eb227d3aacc53e\">\n#top .av-special-heading.av-av_heading-b1ba3a9cfb50ec9772eb227d3aacc53e{\npadding-bottom:10px;\n}\nbody .av-special-heading.av-av_heading-b1ba3a9cfb50ec9772eb227d3aacc53e .av-special-heading-tag .heading-char{\nfont-size:25px;\n}\n.av-special-heading.av-av_heading-b1ba3a9cfb50ec9772eb227d3aacc53e .av-subheading{\nfont-size:15px;\n}\n<\/style>\n<div  class='av-special-heading av-av_heading-b1ba3a9cfb50ec9772eb227d3aacc53e av-special-heading-h3 blockquote modern-quote  avia-builder-el-4  el_before_av_textblock  avia-builder-el-first  av-thin-font'><h3 class='av-special-heading-tag '  itemprop=\"headline\"  ><strong>MIT EINEM GUTEN FR\u00dcHST\u00dcCK<\/strong> KANN DER TAG BEGINNEN<\/h3><div class=\"special-heading-border\"><div class=\"special-heading-inner-border\"><\/div><\/div><\/div><br \/>\n<section  class='av_textblock_section av-av_textblock-2de302bf1aa3cf4c9157dbe6f50ac7eb '   itemscope=\"itemscope\" itemtype=\"https:\/\/schema.org\/CreativeWork\" ><div class='avia_textblock'  itemprop=\"text\" ><p>Wenn Sie die Steiermark in Slowenien erkunden m\u00f6chten oder auf der Durchreise sind und ein Zimmer suchen, k\u00f6nnen Sie bei uns \u00fcbernachten. Unsere 10 Zimmer verf\u00fcgen \u00fcber ein Bad (Badewanne oder Dusche), WC, Haartrockner, TV, Minibar, Hausschuhe und kostenloses WI &#8211; FI.<\/p>\n<\/div><\/section><\/p><\/div>\n<style type=\"text\/css\" data-created_by=\"avia_inline_auto\" id=\"style-css-av-av_one_half-c8fc129dc35fd1ae2a1e410224d39ea8\">\n.flex_column.av-av_one_half-c8fc129dc35fd1ae2a1e410224d39ea8{\nborder-radius:0px 0px 0px 0px;\npadding:0px 0px 0px 0px;\n}\n<\/style>\n<div  class='flex_column av-av_one_half-c8fc129dc35fd1ae2a1e410224d39ea8 av_one_half  avia-builder-el-6  el_after_av_one_half  avia-builder-el-last  flex_column_div av-zero-column-padding  '     ><style type=\"text\/css\" data-created_by=\"avia_inline_auto\" id=\"style-css-av-k0xk6sh5-125da51bea678e1de723d44501ec1371\">\n.avia-image-container.av-k0xk6sh5-125da51bea678e1de723d44501ec1371 img.avia_image{\nbox-shadow:none;\n}\n.avia-image-container.av-k0xk6sh5-125da51bea678e1de723d44501ec1371 .av-image-caption-overlay-center{\ncolor:#ffffff;\n}\n<\/style>\n<div  class='avia-image-container av-k0xk6sh5-125da51bea678e1de723d44501ec1371 av-styling- avia-align-center  avia-builder-el-7  avia-builder-el-no-sibling '   itemprop=\"image\" itemscope=\"itemscope\" itemtype=\"https:\/\/schema.org\/ImageObject\" ><div class=\"avia-image-container-inner\"><div class=\"avia-image-overlay-wrap\"><img decoding=\"async\" fetchpriority=\"high\" class='wp-image-2625 avia-img-lazy-loading-not-2625 avia_image ' src=\"https:\/\/www.vracko.si\/wp-content\/uploads\/2019\/09\/MLOZAR_G_VRACKO_SOBA_2019_DSC_0812_01-1500x630.jpg\" alt='' title='MLOZAR_G_VRACKO_SOBA_2019_DSC_0812_01'  height=\"630\" width=\"1500\"  itemprop=\"thumbnailUrl\"  \/><\/div><\/div><\/div><\/div>\n<\/div><\/div><\/div><!-- close content main div --><\/div><\/div><div id='after_section_3'  class='main_color av_default_container_wrap container_wrap sidebar_right'  ><div class='container av-section-cont-open' ><div class='template-page content  av-content-small alpha units'><div class='post-entry post-entry-type-page post-entry-736'><div class='entry-content-wrapper clearfix'>\n<div  class='flex_column av-av_one_full-2d22dc0500e159f2b39fe7a147caf14c av_one_full  avia-builder-el-8  el_after_av_section  el_before_av_one_full  avia-builder-el-first  first flex_column_div  '     ><style type=\"text\/css\" data-created_by=\"avia_inline_auto\" id=\"style-css-av-mit1e8p1-3870e580caa85a50666ba7bbe51f4263\">\n#top .av-special-heading.av-mit1e8p1-3870e580caa85a50666ba7bbe51f4263{\npadding-bottom:10px;\ncolor:#666666;\n}\nbody .av-special-heading.av-mit1e8p1-3870e580caa85a50666ba7bbe51f4263 .av-special-heading-tag .heading-char{\nfont-size:25px;\n}\n.av-special-heading.av-mit1e8p1-3870e580caa85a50666ba7bbe51f4263 .special-heading-inner-border{\nborder-color:#666666;\n}\n.av-special-heading.av-mit1e8p1-3870e580caa85a50666ba7bbe51f4263 .av-subheading{\nfont-size:15px;\n}\n<\/style>\n<div  class='av-special-heading av-mit1e8p1-3870e580caa85a50666ba7bbe51f4263 av-special-heading-h1 custom-color-heading blockquote modern-quote  avia-builder-el-9  avia-builder-el-no-sibling '><h1 class='av-special-heading-tag '  itemprop=\"headline\"  >Zimmer<\/h1><div class=\"special-heading-border\"><div class=\"special-heading-inner-border\"><\/div><\/div><\/div><\/div>\n<div  class='flex_column av-av_one_full-2d22dc0500e159f2b39fe7a147caf14c av_one_full  avia-builder-el-10  el_after_av_one_full  el_before_av_section  avia-builder-el-last  first flex_column_div  column-top-margin'     ><\/div>\n<\/div><\/div><\/div><!-- close content main div --><\/div><\/div><div id='av_section_4'  class='avia-section av-av_section-5eb43af359cd4101d31203f0609762f9 main_color avia-section-huge avia-no-shadow  avia-builder-el-12  el_after_av_one_full  avia-builder-el-last  avia-bg-style-scroll container_wrap sidebar_right'  ><div class='container av-section-cont-open' ><div class='template-page content  av-content-small alpha units'><div class='post-entry post-entry-type-page post-entry-736'><div class='entry-content-wrapper clearfix'>\n\n<style type=\"text\/css\" data-created_by=\"avia_inline_auto\" id=\"style-css-av-av_one_half-15d750bd1b332b34c6e70b077ebbccdf\">\n.flex_column.av-av_one_half-15d750bd1b332b34c6e70b077ebbccdf{\nborder-radius:0px 0px 0px 0px;\npadding:0px 0px 0px 0px;\n}\n<\/style>\n<div  class='flex_column av-av_one_half-15d750bd1b332b34c6e70b077ebbccdf av_one_half  avia-builder-el-13  el_before_av_one_half  avia-builder-el-first  first flex_column_div av-zero-column-padding  '     ><div  class='avia-button-wrap av-lfaxlb2m-21e96d75e98e13e9029432ec59361fee-wrap avia-button-left  avia-builder-el-14  avia-builder-el-no-sibling '><a href='https:\/\/www.vracko.si\/de\/zimmer\/zimmerpreise\/'  class='avia-button av-lfaxlb2m-21e96d75e98e13e9029432ec59361fee av-link-btn avia-icon_select-no avia-size-x-large avia-position-left avia-color-dark'   aria-label=\"ZIMMERPREISE\"><span class='avia_iconbox_title' >ZIMMERPREISE<\/span><\/a><\/div><\/div>\n<style type=\"text\/css\" data-created_by=\"avia_inline_auto\" id=\"style-css-av-av_one_half-c8fc129dc35fd1ae2a1e410224d39ea8\">\n.flex_column.av-av_one_half-c8fc129dc35fd1ae2a1e410224d39ea8{\nborder-radius:0px 0px 0px 0px;\npadding:0px 0px 0px 0px;\n}\n<\/style>\n<div  class='flex_column av-av_one_half-c8fc129dc35fd1ae2a1e410224d39ea8 av_one_half  avia-builder-el-15  el_after_av_one_half  el_before_av_one_half  flex_column_div av-zero-column-padding  '     ><style type=\"text\/css\" data-created_by=\"avia_inline_auto\" id=\"style-css-av-k0xk823d-55b7c388cf70c8b1da8b521deade537e\">\n.avia-image-container.av-k0xk823d-55b7c388cf70c8b1da8b521deade537e img.avia_image{\nbox-shadow:none;\n}\n.avia-image-container.av-k0xk823d-55b7c388cf70c8b1da8b521deade537e .av-image-caption-overlay-center{\ncolor:#ffffff;\n}\n<\/style>\n<div  class='avia-image-container av-k0xk823d-55b7c388cf70c8b1da8b521deade537e av-styling- av-img-linked avia-align-center  avia-builder-el-16  avia-builder-el-no-sibling '   itemprop=\"image\" itemscope=\"itemscope\" itemtype=\"https:\/\/schema.org\/ImageObject\" ><div class=\"avia-image-container-inner\"><div class=\"avia-image-overlay-wrap\"><a href=\"https:\/\/www.vracko.si\/wp-content\/uploads\/2019\/09\/MLOZAR_G_VRACKO_SOBA_2019_DSC_0843-1030x687.jpg\" data-srcset=\"https:\/\/www.vracko.si\/wp-content\/uploads\/2019\/09\/MLOZAR_G_VRACKO_SOBA_2019_DSC_0843-1030x687.jpg 1030w, https:\/\/www.vracko.si\/wp-content\/uploads\/2019\/09\/MLOZAR_G_VRACKO_SOBA_2019_DSC_0843-300x200.jpg 300w, https:\/\/www.vracko.si\/wp-content\/uploads\/2019\/09\/MLOZAR_G_VRACKO_SOBA_2019_DSC_0843-768x512.jpg 768w, https:\/\/www.vracko.si\/wp-content\/uploads\/2019\/09\/MLOZAR_G_VRACKO_SOBA_2019_DSC_0843-1500x1000.jpg 1500w, https:\/\/www.vracko.si\/wp-content\/uploads\/2019\/09\/MLOZAR_G_VRACKO_SOBA_2019_DSC_0843-705x470.jpg 705w, https:\/\/www.vracko.si\/wp-content\/uploads\/2019\/09\/MLOZAR_G_VRACKO_SOBA_2019_DSC_0843-450x300.jpg 450w\" data-sizes=\"(max-width: 1030px) 100vw, 1030px\" class='avia_image '  aria-label='MLOZAR_G_VRACKO_SOBA_2019_DSC_0843'><img decoding=\"async\" fetchpriority=\"high\" class='wp-image-2628 avia-img-lazy-loading-not-2628 avia_image ' src=\"https:\/\/www.vracko.si\/wp-content\/uploads\/2019\/09\/MLOZAR_G_VRACKO_SOBA_2019_DSC_0843-1500x630.jpg\" alt='' title='MLOZAR_G_VRACKO_SOBA_2019_DSC_0843'  height=\"630\" width=\"1500\"  itemprop=\"thumbnailUrl\"  \/><\/a><\/div><\/div><\/div><\/div>\n<style type=\"text\/css\" data-created_by=\"avia_inline_auto\" id=\"style-css-av-av_one_half-15d750bd1b332b34c6e70b077ebbccdf\">\n.flex_column.av-av_one_half-15d750bd1b332b34c6e70b077ebbccdf{\nborder-radius:0px 0px 0px 0px;\npadding:0px 0px 0px 0px;\n}\n<\/style>\n<div  class='flex_column av-av_one_half-15d750bd1b332b34c6e70b077ebbccdf av_one_half  avia-builder-el-17  el_after_av_one_half  el_before_av_one_half  first flex_column_div av-zero-column-padding  column-top-margin'     ><div  class='avia-button-wrap av-lfaxlh90-5c47f8a6e5d36c36713479781ef4d3da-wrap avia-button-left  avia-builder-el-18  avia-builder-el-no-sibling '><a href='https:\/\/www.vracko.si\/de\/zimmer\/zimmeranfrage\/'  class='avia-button av-lfaxlh90-5c47f8a6e5d36c36713479781ef4d3da av-link-btn avia-icon_select-no avia-size-x-large avia-position-left avia-color-dark'   aria-label=\"ZIMMERANFRAGE\"><span class='avia_iconbox_title' >ZIMMERANFRAGE<\/span><\/a><\/div><\/div>\n<style type=\"text\/css\" data-created_by=\"avia_inline_auto\" id=\"style-css-av-av_one_half-c8fc129dc35fd1ae2a1e410224d39ea8\">\n.flex_column.av-av_one_half-c8fc129dc35fd1ae2a1e410224d39ea8{\nborder-radius:0px 0px 0px 0px;\npadding:0px 0px 0px 0px;\n}\n<\/style>\n<div  class='flex_column av-av_one_half-c8fc129dc35fd1ae2a1e410224d39ea8 av_one_half  avia-builder-el-19  el_after_av_one_half  avia-builder-el-last  flex_column_div av-zero-column-padding  column-top-margin'     ><style type=\"text\/css\" data-created_by=\"avia_inline_auto\" id=\"style-css-av-k0xk9jkf-3a5e3730e8a3d427397bb77c7af9ac4b\">\n.avia-image-container.av-k0xk9jkf-3a5e3730e8a3d427397bb77c7af9ac4b img.avia_image{\nbox-shadow:none;\n}\n.avia-image-container.av-k0xk9jkf-3a5e3730e8a3d427397bb77c7af9ac4b .av-image-caption-overlay-center{\ncolor:#ffffff;\n}\n<\/style>\n<div  class='avia-image-container av-k0xk9jkf-3a5e3730e8a3d427397bb77c7af9ac4b av-styling- av-img-linked avia-align-center  avia-builder-el-20  avia-builder-el-no-sibling '   itemprop=\"image\" itemscope=\"itemscope\" itemtype=\"https:\/\/schema.org\/ImageObject\" ><div class=\"avia-image-container-inner\"><div class=\"avia-image-overlay-wrap\"><a href=\"https:\/\/www.vracko.si\/wp-content\/uploads\/2019\/09\/MLOZAR_G_VRACKO_SOBA_2019_DSC_0815-1030x687.jpg\" data-srcset=\"https:\/\/www.vracko.si\/wp-content\/uploads\/2019\/09\/MLOZAR_G_VRACKO_SOBA_2019_DSC_0815-1030x687.jpg 1030w, https:\/\/www.vracko.si\/wp-content\/uploads\/2019\/09\/MLOZAR_G_VRACKO_SOBA_2019_DSC_0815-300x200.jpg 300w, https:\/\/www.vracko.si\/wp-content\/uploads\/2019\/09\/MLOZAR_G_VRACKO_SOBA_2019_DSC_0815-768x512.jpg 768w, https:\/\/www.vracko.si\/wp-content\/uploads\/2019\/09\/MLOZAR_G_VRACKO_SOBA_2019_DSC_0815-1500x1000.jpg 1500w, https:\/\/www.vracko.si\/wp-content\/uploads\/2019\/09\/MLOZAR_G_VRACKO_SOBA_2019_DSC_0815-705x470.jpg 705w, https:\/\/www.vracko.si\/wp-content\/uploads\/2019\/09\/MLOZAR_G_VRACKO_SOBA_2019_DSC_0815-450x300.jpg 450w\" data-sizes=\"(max-width: 1030px) 100vw, 1030px\" class='avia_image '  aria-label='MLOZAR_G_VRACKO_SOBA_2019_DSC_0815'><img decoding=\"async\" fetchpriority=\"high\" class='wp-image-2634 avia-img-lazy-loading-not-2634 avia_image ' src=\"https:\/\/www.vracko.si\/wp-content\/uploads\/2019\/09\/MLOZAR_G_VRACKO_SOBA_2019_DSC_0815-1500x630.jpg\" alt='' title='MLOZAR_G_VRACKO_SOBA_2019_DSC_0815'  height=\"630\" width=\"1500\"  itemprop=\"thumbnailUrl\"  \/><\/a><\/div><\/div><\/div><\/div>\n<\/div><\/div><\/div><!-- close content main div --><\/div><\/div><div id='after_section_4'  class='main_color av_default_container_wrap container_wrap sidebar_right'  ><div class='container av-section-cont-open' ><div class='template-page content  av-content-small alpha units'><div class='post-entry post-entry-type-page post-entry-736'><div class='entry-content-wrapper clearfix'>\n","protected":false},"excerpt":{"rendered":"","protected":false},"author":1,"featured_media":0,"parent":749,"menu_order":0,"comment_status":"closed","ping_status":"closed","template":"","meta":{"_acf_changed":false,"footnotes":""},"class_list":["post-736","page","type-page","status-publish","hentry"],"acf":[],"yoast_head":"<!-- This site is optimized with the Yoast SEO plugin v26.9 - https:\/\/yoast.com\/product\/yoast-seo-wordpress\/ -->\n<title>Zimmer - Vra\u010dko<\/title>\n<meta name=\"robots\" content=\"index, follow, max-snippet:-1, max-image-preview:large, max-video-preview:-1\" \/>\n<link rel=\"canonical\" href=\"https:\/\/www.vracko.si\/de\/gasthaus\/zimmer\/\" \/>\n<meta property=\"og:locale\" content=\"de_DE\" \/>\n<meta property=\"og:type\" content=\"article\" \/>\n<meta property=\"og:title\" content=\"Zimmer - Vra\u010dko\" \/>\n<meta property=\"og:url\" content=\"https:\/\/www.vracko.si\/de\/gasthaus\/zimmer\/\" \/>\n<meta property=\"og:site_name\" content=\"Vra\u010dko\" \/>\n<meta property=\"article:modified_time\" content=\"2026-01-17T14:27:00+00:00\" \/>\n<meta name=\"twitter:card\" content=\"summary_large_image\" \/>\n<meta name=\"twitter:label1\" content=\"Gesch\u00e4tzte Lesezeit\" \/>\n\t<meta name=\"twitter:data1\" content=\"1\u00a0Minute\" \/>\n<script type=\"application\/ld+json\" class=\"yoast-schema-graph\">{\"@context\":\"https:\/\/schema.org\",\"@graph\":[{\"@type\":\"WebPage\",\"@id\":\"https:\/\/www.vracko.si\/de\/gasthaus\/zimmer\/\",\"url\":\"https:\/\/www.vracko.si\/de\/gasthaus\/zimmer\/\",\"name\":\"Zimmer - Vra\u010dko\",\"isPartOf\":{\"@id\":\"https:\/\/www.vracko.si\/#website\"},\"datePublished\":\"2018-07-11T13:42:23+00:00\",\"dateModified\":\"2026-01-17T14:27:00+00:00\",\"breadcrumb\":{\"@id\":\"https:\/\/www.vracko.si\/de\/gasthaus\/zimmer\/#breadcrumb\"},\"inLanguage\":\"de\",\"potentialAction\":[{\"@type\":\"ReadAction\",\"target\":[\"https:\/\/www.vracko.si\/de\/gasthaus\/zimmer\/\"]}]},{\"@type\":\"BreadcrumbList\",\"@id\":\"https:\/\/www.vracko.si\/de\/gasthaus\/zimmer\/#breadcrumb\",\"itemListElement\":[{\"@type\":\"ListItem\",\"position\":1,\"name\":\"Home\",\"item\":\"https:\/\/www.vracko.si\/gostisce-vracko\/\"},{\"@type\":\"ListItem\",\"position\":2,\"name\":\"Gasthaus\",\"item\":\"https:\/\/www.vracko.si\/de\/gasthaus\/\"},{\"@type\":\"ListItem\",\"position\":3,\"name\":\"Zimmer\"}]},{\"@type\":\"WebSite\",\"@id\":\"https:\/\/www.vracko.si\/#website\",\"url\":\"https:\/\/www.vracko.si\/\",\"name\":\"Vra\u010dko\",\"description\":\"\",\"potentialAction\":[{\"@type\":\"SearchAction\",\"target\":{\"@type\":\"EntryPoint\",\"urlTemplate\":\"https:\/\/www.vracko.si\/?s={search_term_string}\"},\"query-input\":{\"@type\":\"PropertyValueSpecification\",\"valueRequired\":true,\"valueName\":\"search_term_string\"}}],\"inLanguage\":\"de\"}]}<\/script>\n<!-- \/ Yoast SEO plugin. -->","yoast_head_json":{"title":"Zimmer - Vra\u010dko","robots":{"index":"index","follow":"follow","max-snippet":"max-snippet:-1","max-image-preview":"max-image-preview:large","max-video-preview":"max-video-preview:-1"},"canonical":"https:\/\/www.vracko.si\/de\/gasthaus\/zimmer\/","og_locale":"de_DE","og_type":"article","og_title":"Zimmer - Vra\u010dko","og_url":"https:\/\/www.vracko.si\/de\/gasthaus\/zimmer\/","og_site_name":"Vra\u010dko","article_modified_time":"2026-01-17T14:27:00+00:00","twitter_card":"summary_large_image","twitter_misc":{"Gesch\u00e4tzte Lesezeit":"1\u00a0Minute"},"schema":{"@context":"https:\/\/schema.org","@graph":[{"@type":"WebPage","@id":"https:\/\/www.vracko.si\/de\/gasthaus\/zimmer\/","url":"https:\/\/www.vracko.si\/de\/gasthaus\/zimmer\/","name":"Zimmer - Vra\u010dko","isPartOf":{"@id":"https:\/\/www.vracko.si\/#website"},"datePublished":"2018-07-11T13:42:23+00:00","dateModified":"2026-01-17T14:27:00+00:00","breadcrumb":{"@id":"https:\/\/www.vracko.si\/de\/gasthaus\/zimmer\/#breadcrumb"},"inLanguage":"de","potentialAction":[{"@type":"ReadAction","target":["https:\/\/www.vracko.si\/de\/gasthaus\/zimmer\/"]}]},{"@type":"BreadcrumbList","@id":"https:\/\/www.vracko.si\/de\/gasthaus\/zimmer\/#breadcrumb","itemListElement":[{"@type":"ListItem","position":1,"name":"Home","item":"https:\/\/www.vracko.si\/gostisce-vracko\/"},{"@type":"ListItem","position":2,"name":"Gasthaus","item":"https:\/\/www.vracko.si\/de\/gasthaus\/"},{"@type":"ListItem","position":3,"name":"Zimmer"}]},{"@type":"WebSite","@id":"https:\/\/www.vracko.si\/#website","url":"https:\/\/www.vracko.si\/","name":"Vra\u010dko","description":"","potentialAction":[{"@type":"SearchAction","target":{"@type":"EntryPoint","urlTemplate":"https:\/\/www.vracko.si\/?s={search_term_string}"},"query-input":{"@type":"PropertyValueSpecification","valueRequired":true,"valueName":"search_term_string"}}],"inLanguage":"de"}]}},"_links":{"self":[{"href":"https:\/\/www.vracko.si\/de\/wp-json\/wp\/v2\/pages\/736","targetHints":{"allow":["GET"]}}],"collection":[{"href":"https:\/\/www.vracko.si\/de\/wp-json\/wp\/v2\/pages"}],"about":[{"href":"https:\/\/www.vracko.si\/de\/wp-json\/wp\/v2\/types\/page"}],"author":[{"embeddable":true,"href":"https:\/\/www.vracko.si\/de\/wp-json\/wp\/v2\/users\/1"}],"replies":[{"embeddable":true,"href":"https:\/\/www.vracko.si\/de\/wp-json\/wp\/v2\/comments?post=736"}],"version-history":[{"count":6,"href":"https:\/\/www.vracko.si\/de\/wp-json\/wp\/v2\/pages\/736\/revisions"}],"predecessor-version":[{"id":6942,"href":"https:\/\/www.vracko.si\/de\/wp-json\/wp\/v2\/pages\/736\/revisions\/6942"}],"up":[{"embeddable":true,"href":"https:\/\/www.vracko.si\/de\/wp-json\/wp\/v2\/pages\/749"}],"wp:attachment":[{"href":"https:\/\/www.vracko.si\/de\/wp-json\/wp\/v2\/media?parent=736"}],"curies":[{"name":"wp","href":"https:\/\/api.w.org\/{rel}","templated":true}]}}