{"id":6586,"date":"2025-12-01T17:33:01","date_gmt":"2025-12-01T16:33:01","guid":{"rendered":"https:\/\/www.vracko.si\/gasthaus\/aktuell-2\/"},"modified":"2026-01-20T18:51:43","modified_gmt":"2026-01-20T17:51:43","slug":"aktuell","status":"publish","type":"page","link":"https:\/\/www.vracko.si\/de\/gasthaus\/aktuell\/","title":{"rendered":"Aktuell"},"content":{"rendered":"\n<style type=\"text\/css\" data-created_by=\"avia_inline_auto\" id=\"style-css-av-27qss4-fa62e6a70565adf753b74bfc515b12ce\">\n.avia-section.av-27qss4-fa62e6a70565adf753b74bfc515b12ce .av-parallax .av-parallax-inner{\nbackground-repeat:no-repeat;\nbackground-image:url(https:\/\/www.vracko.si\/wp-content\/uploads\/2026\/01\/M_LOZAR_FOTO_VRACKO_EKSTERIER_DSC_1374-HDR-scaled-1.webp);\nbackground-position:50% 100%;\nbackground-attachment:scroll;\n}\n<\/style>\n<div id='veliki'  class='avia-section av-27qss4-fa62e6a70565adf753b74bfc515b12ce main_color avia-section-default avia-no-border-styling  avia-builder-el-0  el_before_av_section  avia-builder-el-first  av-small-hide av-mini-hide av-parallax-section avia-bg-style-parallax av-minimum-height av-minimum-height-50 av-height-50  container_wrap sidebar_right'  data-section-bg-repeat='no-repeat' data-av_minimum_height_pc='50' data-av_min_height_opt='50'><div class='av-parallax' data-avia-parallax-ratio='0.3' ><div class='av-parallax-inner main_color avia-full-stretch'><\/div><\/div><div class='container av-section-cont-open' ><main  role=\"main\" itemprop=\"mainContentOfPage\"  class='template-page content  av-content-small alpha units'><div class='post-entry post-entry-type-page post-entry-6586'><div class='entry-content-wrapper clearfix'>\n<\/div><\/div><\/main><!-- close content main element --><\/div><\/div>\n<style type=\"text\/css\" data-created_by=\"avia_inline_auto\" id=\"style-css-av-27qss4-22-537399f32a135bd1ba4c4aed8ad62162\">\n.avia-section.av-27qss4-22-537399f32a135bd1ba4c4aed8ad62162{\nbackground-repeat:no-repeat;\nbackground-image:url(https:\/\/www.vracko.si\/wp-content\/uploads\/2026\/01\/M_LOZAR_FOTO_VRACKO_EKSTERIER_DSC_1374-HDR-scaled-1-1500x1000.webp);\nbackground-position:50% 50%;\nbackground-attachment:fixed;\n}\n<\/style>\n<div id='mobile'  class='avia-section av-27qss4-22-537399f32a135bd1ba4c4aed8ad62162 main_color avia-section-default avia-no-border-styling  avia-builder-el-1  el_after_av_section  el_before_av_section  av-desktop-hide av-medium-hide avia-bg-style-fixed av-minimum-height av-minimum-height-custom av-height-custom  container_wrap sidebar_right'  data-section-bg-repeat='no-repeat' data-av_minimum_height_px='210'><div class='container av-section-cont-open' style='height:210px'><div class='template-page content  av-content-small alpha units'><div class='post-entry post-entry-type-page post-entry-6586'><div class='entry-content-wrapper clearfix'>\n<\/div><\/div><\/div><!-- close content main div --><\/div><\/div><div id='av_section_3'  class='avia-section av-2oia9o-dcc75bd0ada388dd3c63b1d9d7dafff5 main_color avia-section-default avia-no-border-styling  avia-builder-el-2  el_after_av_section  avia-builder-el-last  avia-bg-style-scroll container_wrap sidebar_right'  ><div class='container av-section-cont-open' ><div class='template-page content  av-content-small alpha units'><div class='post-entry post-entry-type-page post-entry-6586'><div class='entry-content-wrapper clearfix'>\n<section  class='av_textblock_section av-mfmovco5-16721d25d15a74ec83b00c06adc958e5 '   itemscope=\"itemscope\" itemtype=\"https:\/\/schema.org\/CreativeWork\" ><div class='avia_textblock'  itemprop=\"text\" ><div class=\"custom-category-posts\"><div class=\"custom-post odd\"><div class=\"custom-post-inner\"><div class=\"custom-post-text\"><h2>SPARGEL TAGE<\/h2><div class=\"post-content\">\n<p>Salat mit gr\u00fcnem Spargel, Erdbeeren, Frischk\u00e4se vom Bauernhof Leber &#8211; Vra\u010dko<\/p>\n\n\n\n<p>Spargelsuppe<\/p>\n\n\n\n<p>Orecchiette mit gr\u00fcnem Spargel und Garnelen<\/p>\n\n\n\n<p>Zanderfilet mit Spargel, Sauce Hollaindaise und Parmesan<\/p>\n\n\n\n<p>Lammkrone mit Spargel, Sauce Hollaindaise und jungen Kartoffeln<\/p>\n\n\n\n<p>Erdbeertiramisu im Glas<\/p>\n\n\n\n<p><em><strong>BIO SPARGEL &#8211; Bauernhof Ferlinc aus Fala<\/strong><\/em><\/p>\n<\/div><\/div><div class=\"custom-post-image\"><a href=\"https:\/\/www.vracko.si\/wp-content\/uploads\/2019\/06\/\u0160parglji.jpg\" class=\"lightbox\" data-rel=\"prettyPhoto[gallery]\"><img decoding=\"async\" loading=\"lazy\" width=\"851\" height=\"564\" src=\"https:\/\/www.vracko.si\/wp-content\/uploads\/2019\/06\/\u0160parglji.jpg\" class=\"wp-image-2545 avia-img-lazy-loading-2545 attachment-large size-large wp-post-image\" alt=\"GRUENER SPARGEL\" srcset=\"https:\/\/www.vracko.si\/wp-content\/uploads\/2019\/06\/\u0160parglji.jpg 851w, https:\/\/www.vracko.si\/wp-content\/uploads\/2019\/06\/\u0160parglji-300x199.jpg 300w, https:\/\/www.vracko.si\/wp-content\/uploads\/2019\/06\/\u0160parglji-768x509.jpg 768w, https:\/\/www.vracko.si\/wp-content\/uploads\/2019\/06\/\u0160parglji-705x467.jpg 705w, https:\/\/www.vracko.si\/wp-content\/uploads\/2019\/06\/\u0160parglji-450x298.jpg 450w\" sizes=\"auto, (max-width: 851px) 100vw, 851px\" \/><\/a><\/div><\/div><\/div><div class=\"custom-post even\"><div class=\"custom-post-inner\"><div class=\"custom-post-image\"><a href=\"https:\/\/www.vracko.si\/wp-content\/uploads\/2023\/04\/M_LOZAR_VRACKO_KULINARIKA_POGRINJEK_2022_DSC_6025-1030x687.jpg\" class=\"lightbox\" data-rel=\"prettyPhoto[gallery]\"><img decoding=\"async\" loading=\"lazy\" width=\"1030\" height=\"687\" src=\"https:\/\/www.vracko.si\/wp-content\/uploads\/2023\/04\/M_LOZAR_VRACKO_KULINARIKA_POGRINJEK_2022_DSC_6025-1030x687.jpg\" class=\"wp-image-4942 avia-img-lazy-loading-4942 attachment-large size-large wp-post-image\" alt=\"\u00d6ffnungzeiten Feiertage\" srcset=\"https:\/\/www.vracko.si\/wp-content\/uploads\/2023\/04\/M_LOZAR_VRACKO_KULINARIKA_POGRINJEK_2022_DSC_6025-1030x687.jpg 1030w, https:\/\/www.vracko.si\/wp-content\/uploads\/2023\/04\/M_LOZAR_VRACKO_KULINARIKA_POGRINJEK_2022_DSC_6025-300x200.jpg 300w, https:\/\/www.vracko.si\/wp-content\/uploads\/2023\/04\/M_LOZAR_VRACKO_KULINARIKA_POGRINJEK_2022_DSC_6025-768x512.jpg 768w, https:\/\/www.vracko.si\/wp-content\/uploads\/2023\/04\/M_LOZAR_VRACKO_KULINARIKA_POGRINJEK_2022_DSC_6025-1536x1024.jpg 1536w, https:\/\/www.vracko.si\/wp-content\/uploads\/2023\/04\/M_LOZAR_VRACKO_KULINARIKA_POGRINJEK_2022_DSC_6025-2048x1365.jpg 2048w, https:\/\/www.vracko.si\/wp-content\/uploads\/2023\/04\/M_LOZAR_VRACKO_KULINARIKA_POGRINJEK_2022_DSC_6025-1500x1000.jpg 1500w, https:\/\/www.vracko.si\/wp-content\/uploads\/2023\/04\/M_LOZAR_VRACKO_KULINARIKA_POGRINJEK_2022_DSC_6025-705x470.jpg 705w\" sizes=\"auto, (max-width: 1030px) 100vw, 1030px\" \/><\/a><\/div><div class=\"custom-post-text\"><h2>\u00d6ffnungszeiten \u00fcber die Feiertage<\/h2><div class=\"post-content\">\n<p>Montag, 27.4. GESCHLOSSEN<\/p>\n\n<p>Dienstag, 28.4. GESCHLOSSEN<\/p>\n\n<p>Freitag, 1.5. bis 21:00 Uhr<\/p>\n\n<p>Samstag, 2.5. bis 21:00 Uhr<\/p>\n\n\n<\/div><\/div><\/div><\/div><div class=\"custom-post odd\"><div class=\"custom-post-inner\"><div class=\"custom-post-text\"><h2>Feiern Sie mit uns<\/h2><div class=\"post-content\">\n<p>Wundersch\u00f6nes Ambiente, unber\u00fchrte Natur und ein Service, der keine W\u00fcnsche offenl\u00e4sst. Erleben Sie unvergessliche Stunden der Entspannung und lassen Sie uns alles daf\u00fcr tun, Ihre Familienfeier zu einem besonderen Erlebnis zu machen.<\/p>\n\n\n\n<p>Ob Geburtstag, Kommunion Ihrer Kinder und Enkelkinder oder Jubil\u00e4um mit Freunden und Familie \u2013 welchen Anlass m\u00f6chten Sie feiern? Unsere G\u00e4ste in unserem familiengef\u00fchrten G\u00e4stehaus sch\u00e4tzen vor allem unsere pers\u00f6nliche Note, unseren freundlichen Service und unsere kulinarischen K\u00f6stlichkeiten.<\/p>\n\n\n\n<p>Verbringen Sie unvergessliche Momente mit uns\u2026<\/p>\n\n\n\n\n\n\n\n\n<\/div><\/div><div class=\"custom-post-image\"><a href=\"https:\/\/www.vracko.si\/wp-content\/uploads\/2023\/04\/M_LOZAR_VRACKO_KULINARIKA_POGRINJEK_2022_DSC_6011-1030x687.jpg\" class=\"lightbox\" data-rel=\"prettyPhoto[gallery]\"><img decoding=\"async\" loading=\"lazy\" width=\"1030\" height=\"687\" src=\"https:\/\/www.vracko.si\/wp-content\/uploads\/2023\/04\/M_LOZAR_VRACKO_KULINARIKA_POGRINJEK_2022_DSC_6011-1030x687.jpg\" class=\"wp-image-4916 avia-img-lazy-loading-4916 attachment-large size-large wp-post-image\" alt=\"PRAZNOVANJE\" srcset=\"https:\/\/www.vracko.si\/wp-content\/uploads\/2023\/04\/M_LOZAR_VRACKO_KULINARIKA_POGRINJEK_2022_DSC_6011-1030x687.jpg 1030w, https:\/\/www.vracko.si\/wp-content\/uploads\/2023\/04\/M_LOZAR_VRACKO_KULINARIKA_POGRINJEK_2022_DSC_6011-300x200.jpg 300w, https:\/\/www.vracko.si\/wp-content\/uploads\/2023\/04\/M_LOZAR_VRACKO_KULINARIKA_POGRINJEK_2022_DSC_6011-768x512.jpg 768w, https:\/\/www.vracko.si\/wp-content\/uploads\/2023\/04\/M_LOZAR_VRACKO_KULINARIKA_POGRINJEK_2022_DSC_6011-1536x1024.jpg 1536w, https:\/\/www.vracko.si\/wp-content\/uploads\/2023\/04\/M_LOZAR_VRACKO_KULINARIKA_POGRINJEK_2022_DSC_6011-2048x1365.jpg 2048w, https:\/\/www.vracko.si\/wp-content\/uploads\/2023\/04\/M_LOZAR_VRACKO_KULINARIKA_POGRINJEK_2022_DSC_6011-1500x1000.jpg 1500w, https:\/\/www.vracko.si\/wp-content\/uploads\/2023\/04\/M_LOZAR_VRACKO_KULINARIKA_POGRINJEK_2022_DSC_6011-705x470.jpg 705w\" sizes=\"auto, (max-width: 1030px) 100vw, 1030px\" \/><\/a><\/div><\/div><\/div><div class=\"custom-post even\"><div class=\"custom-post-inner\"><div class=\"custom-post-image\"><a href=\"https:\/\/www.vracko.si\/wp-content\/uploads\/2022\/07\/IMG_9114-002-579x1030.jpg\" class=\"lightbox\" data-rel=\"prettyPhoto[gallery]\"><img decoding=\"async\" loading=\"lazy\" width=\"579\" height=\"1030\" src=\"https:\/\/www.vracko.si\/wp-content\/uploads\/2022\/07\/IMG_9114-002-579x1030.jpg\" class=\"wp-image-4064 avia-img-lazy-loading-4064 attachment-large size-large wp-post-image\" alt=\"\" srcset=\"https:\/\/www.vracko.si\/wp-content\/uploads\/2022\/07\/IMG_9114-002-579x1030.jpg 579w, https:\/\/www.vracko.si\/wp-content\/uploads\/2022\/07\/IMG_9114-002-169x300.jpg 169w, https:\/\/www.vracko.si\/wp-content\/uploads\/2022\/07\/IMG_9114-002-768x1365.jpg 768w, https:\/\/www.vracko.si\/wp-content\/uploads\/2022\/07\/IMG_9114-002-864x1536.jpg 864w, https:\/\/www.vracko.si\/wp-content\/uploads\/2022\/07\/IMG_9114-002-1152x2048.jpg 1152w, https:\/\/www.vracko.si\/wp-content\/uploads\/2022\/07\/IMG_9114-002-844x1500.jpg 844w, https:\/\/www.vracko.si\/wp-content\/uploads\/2022\/07\/IMG_9114-002-397x705.jpg 397w, https:\/\/www.vracko.si\/wp-content\/uploads\/2022\/07\/IMG_9114-002.jpg 1170w\" sizes=\"auto, (max-width: 579px) 100vw, 579px\" \/><\/a><\/div><div class=\"custom-post-text\"><h2>82 Punkte im Falstaff International Restaurantguide 2025<\/h2><div class=\"post-content\">\n\n<p>Wir wurden wieder mit einer Gabel ausgezeichnet und d\u00fcrfen uns \u00fcber 82 Punkte freuen! <\/p>\n<p>https:\/\/www.falstaff.at\/ld\/r\/gostisce-vracko-zgornja-kungota\/<\/p>\n<\/div><\/div><\/div><\/div><div class=\"custom-post odd\"><div class=\"custom-post-inner\"><div class=\"custom-post-text\"><h2>Guest Review Award 2026<\/h2><div class=\"post-content\">\n<p>Gasthaus Vra\u010dko wurde von Booking.com mit 9,6 Punkten f\u00fcr das Jahr 2025 bewertet.<br><br>Wir bedanken uns f\u00fcr Ihren Besuch und Ihre Bewertung!<\/p>\n<\/div><\/div><div class=\"custom-post-image\"><a href=\"https:\/\/www.vracko.si\/wp-content\/uploads\/2025\/09\/Digital-Award_RA-2026-1030x724.png\" class=\"lightbox\" data-rel=\"prettyPhoto[gallery]\"><img decoding=\"async\" loading=\"lazy\" width=\"1030\" height=\"724\" src=\"https:\/\/www.vracko.si\/wp-content\/uploads\/2025\/09\/Digital-Award_RA-2026-1030x724.png\" class=\"wp-image-7087 avia-img-lazy-loading-7087 attachment-large size-large wp-post-image\" alt=\"\" srcset=\"https:\/\/www.vracko.si\/wp-content\/uploads\/2025\/09\/Digital-Award_RA-2026-1030x724.png 1030w, https:\/\/www.vracko.si\/wp-content\/uploads\/2025\/09\/Digital-Award_RA-2026-300x211.png 300w, https:\/\/www.vracko.si\/wp-content\/uploads\/2025\/09\/Digital-Award_RA-2026-768x540.png 768w, https:\/\/www.vracko.si\/wp-content\/uploads\/2025\/09\/Digital-Award_RA-2026-705x496.png 705w, https:\/\/www.vracko.si\/wp-content\/uploads\/2025\/09\/Digital-Award_RA-2026.png 1280w\" sizes=\"auto, (max-width: 1030px) 100vw, 1030px\" \/><\/a><\/div><\/div><\/div><\/div>\n<\/div><\/section>\n<\/div><\/div><\/div><!-- close content main div --><\/div><\/div><div id='after_section_3'  class='main_color av_default_container_wrap container_wrap sidebar_right'  ><div class='container av-section-cont-open' ><div class='template-page content  av-content-small alpha units'><div class='post-entry post-entry-type-page post-entry-6586'><div class='entry-content-wrapper clearfix'>\n","protected":false},"excerpt":{"rendered":"","protected":false},"author":1,"featured_media":0,"parent":749,"menu_order":0,"comment_status":"closed","ping_status":"closed","template":"","meta":{"_acf_changed":false,"footnotes":""},"class_list":["post-6586","page","type-page","status-publish","hentry"],"acf":[],"yoast_head":"<!-- This site is optimized with the Yoast SEO plugin v26.9 - https:\/\/yoast.com\/product\/yoast-seo-wordpress\/ -->\n<title>Aktuell - Vra\u010dko<\/title>\n<meta name=\"robots\" content=\"index, follow, max-snippet:-1, max-image-preview:large, max-video-preview:-1\" \/>\n<link rel=\"canonical\" href=\"https:\/\/www.vracko.si\/de\/gasthaus\/aktuell\/\" \/>\n<meta property=\"og:locale\" content=\"de_DE\" \/>\n<meta property=\"og:type\" content=\"article\" \/>\n<meta property=\"og:title\" content=\"Aktuell - Vra\u010dko\" \/>\n<meta property=\"og:url\" content=\"https:\/\/www.vracko.si\/de\/gasthaus\/aktuell\/\" \/>\n<meta property=\"og:site_name\" content=\"Vra\u010dko\" \/>\n<meta property=\"article:modified_time\" content=\"2026-01-20T17:51:43+00:00\" \/>\n<meta name=\"twitter:card\" content=\"summary_large_image\" \/>\n<meta name=\"twitter:label1\" content=\"Gesch\u00e4tzte Lesezeit\" \/>\n\t<meta name=\"twitter:data1\" content=\"3\u00a0Minuten\" \/>\n<script type=\"application\/ld+json\" class=\"yoast-schema-graph\">{\"@context\":\"https:\/\/schema.org\",\"@graph\":[{\"@type\":\"WebPage\",\"@id\":\"https:\/\/www.vracko.si\/de\/gasthaus\/aktuell\/\",\"url\":\"https:\/\/www.vracko.si\/de\/gasthaus\/aktuell\/\",\"name\":\"Aktuell - Vra\u010dko\",\"isPartOf\":{\"@id\":\"https:\/\/www.vracko.si\/#website\"},\"datePublished\":\"2025-12-01T16:33:01+00:00\",\"dateModified\":\"2026-01-20T17:51:43+00:00\",\"breadcrumb\":{\"@id\":\"https:\/\/www.vracko.si\/de\/gasthaus\/aktuell\/#breadcrumb\"},\"inLanguage\":\"de\",\"potentialAction\":[{\"@type\":\"ReadAction\",\"target\":[\"https:\/\/www.vracko.si\/de\/gasthaus\/aktuell\/\"]}]},{\"@type\":\"BreadcrumbList\",\"@id\":\"https:\/\/www.vracko.si\/de\/gasthaus\/aktuell\/#breadcrumb\",\"itemListElement\":[{\"@type\":\"ListItem\",\"position\":1,\"name\":\"Home\",\"item\":\"https:\/\/www.vracko.si\/gostisce-vracko\/\"},{\"@type\":\"ListItem\",\"position\":2,\"name\":\"Gasthaus\",\"item\":\"https:\/\/www.vracko.si\/de\/gasthaus\/\"},{\"@type\":\"ListItem\",\"position\":3,\"name\":\"Aktuell\"}]},{\"@type\":\"WebSite\",\"@id\":\"https:\/\/www.vracko.si\/#website\",\"url\":\"https:\/\/www.vracko.si\/\",\"name\":\"Vra\u010dko\",\"description\":\"\",\"potentialAction\":[{\"@type\":\"SearchAction\",\"target\":{\"@type\":\"EntryPoint\",\"urlTemplate\":\"https:\/\/www.vracko.si\/?s={search_term_string}\"},\"query-input\":{\"@type\":\"PropertyValueSpecification\",\"valueRequired\":true,\"valueName\":\"search_term_string\"}}],\"inLanguage\":\"de\"}]}<\/script>\n<!-- \/ Yoast SEO plugin. -->","yoast_head_json":{"title":"Aktuell - Vra\u010dko","robots":{"index":"index","follow":"follow","max-snippet":"max-snippet:-1","max-image-preview":"max-image-preview:large","max-video-preview":"max-video-preview:-1"},"canonical":"https:\/\/www.vracko.si\/de\/gasthaus\/aktuell\/","og_locale":"de_DE","og_type":"article","og_title":"Aktuell - Vra\u010dko","og_url":"https:\/\/www.vracko.si\/de\/gasthaus\/aktuell\/","og_site_name":"Vra\u010dko","article_modified_time":"2026-01-20T17:51:43+00:00","twitter_card":"summary_large_image","twitter_misc":{"Gesch\u00e4tzte Lesezeit":"3\u00a0Minuten"},"schema":{"@context":"https:\/\/schema.org","@graph":[{"@type":"WebPage","@id":"https:\/\/www.vracko.si\/de\/gasthaus\/aktuell\/","url":"https:\/\/www.vracko.si\/de\/gasthaus\/aktuell\/","name":"Aktuell - Vra\u010dko","isPartOf":{"@id":"https:\/\/www.vracko.si\/#website"},"datePublished":"2025-12-01T16:33:01+00:00","dateModified":"2026-01-20T17:51:43+00:00","breadcrumb":{"@id":"https:\/\/www.vracko.si\/de\/gasthaus\/aktuell\/#breadcrumb"},"inLanguage":"de","potentialAction":[{"@type":"ReadAction","target":["https:\/\/www.vracko.si\/de\/gasthaus\/aktuell\/"]}]},{"@type":"BreadcrumbList","@id":"https:\/\/www.vracko.si\/de\/gasthaus\/aktuell\/#breadcrumb","itemListElement":[{"@type":"ListItem","position":1,"name":"Home","item":"https:\/\/www.vracko.si\/gostisce-vracko\/"},{"@type":"ListItem","position":2,"name":"Gasthaus","item":"https:\/\/www.vracko.si\/de\/gasthaus\/"},{"@type":"ListItem","position":3,"name":"Aktuell"}]},{"@type":"WebSite","@id":"https:\/\/www.vracko.si\/#website","url":"https:\/\/www.vracko.si\/","name":"Vra\u010dko","description":"","potentialAction":[{"@type":"SearchAction","target":{"@type":"EntryPoint","urlTemplate":"https:\/\/www.vracko.si\/?s={search_term_string}"},"query-input":{"@type":"PropertyValueSpecification","valueRequired":true,"valueName":"search_term_string"}}],"inLanguage":"de"}]}},"_links":{"self":[{"href":"https:\/\/www.vracko.si\/de\/wp-json\/wp\/v2\/pages\/6586","targetHints":{"allow":["GET"]}}],"collection":[{"href":"https:\/\/www.vracko.si\/de\/wp-json\/wp\/v2\/pages"}],"about":[{"href":"https:\/\/www.vracko.si\/de\/wp-json\/wp\/v2\/types\/page"}],"author":[{"embeddable":true,"href":"https:\/\/www.vracko.si\/de\/wp-json\/wp\/v2\/users\/1"}],"replies":[{"embeddable":true,"href":"https:\/\/www.vracko.si\/de\/wp-json\/wp\/v2\/comments?post=6586"}],"version-history":[{"count":48,"href":"https:\/\/www.vracko.si\/de\/wp-json\/wp\/v2\/pages\/6586\/revisions"}],"predecessor-version":[{"id":7046,"href":"https:\/\/www.vracko.si\/de\/wp-json\/wp\/v2\/pages\/6586\/revisions\/7046"}],"up":[{"embeddable":true,"href":"https:\/\/www.vracko.si\/de\/wp-json\/wp\/v2\/pages\/749"}],"wp:attachment":[{"href":"https:\/\/www.vracko.si\/de\/wp-json\/wp\/v2\/media?parent=6586"}],"curies":[{"name":"wp","href":"https:\/\/api.w.org\/{rel}","templated":true}]}}